{"id":9713,"date":"2024-02-02T17:47:31","date_gmt":"2024-02-02T17:47:31","guid":{"rendered":"https:\/\/www.sansararesort.com\/?page_id=9713"},"modified":"2026-04-14T14:57:09","modified_gmt":"2026-04-14T14:57:09","slug":"adventure_surf_aerial_collective","status":"publish","type":"page","link":"https:\/\/www.sansararesort.com\/es\/our-retreats\/adventure_surf_aerial_collective\/","title":{"rendered":"Retiro de aventura, surf y yoga a\u00e9reo | Un evento colectivo Sansara"},"content":{"rendered":"","protected":false},"excerpt":{"rendered":"","protected":false},"author":17,"featured_media":0,"parent":1497,"menu_order":0,"comment_status":"closed","ping_status":"closed","template":"","meta":{"_acf_changed":false,"footnotes":""},"class_list":["post-9713","page","type-page","status-publish","hentry"],"acf":[],"yoast_head":"<!-- This site is optimized with the Yoast SEO Premium plugin v27.0 (Yoast SEO v27.4) - https:\/\/yoast.com\/product\/yoast-seo-premium-wordpress\/ -->\n<title>Adventure, Surf &amp; Aerial Yoga Retreat | A Sansara Collective Event<\/title>\n<meta name=\"description\" content=\"In collaboration with Erin Larson from Airfit Fitness, and Azuero Adventures, we are thrilled to present an exclusive retreat that promises an unforgettable experience. Get ready to embark on a week-long journey filled with fitness aerial classes, thrilling adventures, and luxurious relaxation.\" \/>\n<meta name=\"robots\" content=\"index, follow, max-snippet:-1, max-image-preview:large, max-video-preview:-1\" \/>\n<link rel=\"canonical\" href=\"https:\/\/www.sansararesort.com\/es\/our-retreats\/adventure_surf_aerial_collective\/\" \/>\n<meta property=\"og:locale\" content=\"es_ES\" \/>\n<meta property=\"og:type\" content=\"article\" \/>\n<meta property=\"og:title\" content=\"Adventure, Surf &amp; Aerial Yoga Retreat | A Sansara Collective Event\" \/>\n<meta property=\"og:description\" content=\"In collaboration with Erin Larson from Airfit Fitness, and Azuero Adventures, we are thrilled to present an exclusive retreat that promises an unforgettable experience. Get ready to embark on a week-long journey filled with fitness aerial classes, thrilling adventures, and luxurious relaxation.\" \/>\n<meta property=\"og:url\" content=\"https:\/\/www.sansararesort.com\/es\/our-retreats\/adventure_surf_aerial_collective\/\" \/>\n<meta property=\"og:site_name\" content=\"Sansara Resort\" \/>\n<meta property=\"article:publisher\" content=\"https:\/\/www.facebook.com\/SansaraResort\" \/>\n<meta property=\"article:modified_time\" content=\"2026-04-14T14:57:09+00:00\" \/>\n<meta name=\"twitter:card\" content=\"summary_large_image\" \/>\n<script type=\"application\/ld+json\" class=\"yoast-schema-graph\">{\"@context\":\"https:\\\/\\\/schema.org\",\"@graph\":[{\"@type\":\"WebPage\",\"@id\":\"https:\\\/\\\/www.sansararesort.com\\\/our-retreats\\\/adventure_surf_aerial_collective\\\/\",\"url\":\"https:\\\/\\\/www.sansararesort.com\\\/our-retreats\\\/adventure_surf_aerial_collective\\\/\",\"name\":\"Adventure, Surf & Aerial Yoga Retreat | A Sansara Collective Event\",\"isPartOf\":{\"@id\":\"https:\\\/\\\/www.sansararesort.com\\\/#website\"},\"datePublished\":\"2024-02-02T17:47:31+00:00\",\"dateModified\":\"2026-04-14T14:57:09+00:00\",\"description\":\"In collaboration with Erin Larson from Airfit Fitness, and Azuero Adventures, we are thrilled to present an exclusive retreat that promises an unforgettable experience. Get ready to embark on a week-long journey filled with fitness aerial classes, thrilling adventures, and luxurious relaxation.\",\"breadcrumb\":{\"@id\":\"https:\\\/\\\/www.sansararesort.com\\\/our-retreats\\\/adventure_surf_aerial_collective\\\/#breadcrumb\"},\"inLanguage\":\"es\",\"potentialAction\":[{\"@type\":\"ReadAction\",\"target\":[\"https:\\\/\\\/www.sansararesort.com\\\/our-retreats\\\/adventure_surf_aerial_collective\\\/\"]}]},{\"@type\":\"BreadcrumbList\",\"@id\":\"https:\\\/\\\/www.sansararesort.com\\\/our-retreats\\\/adventure_surf_aerial_collective\\\/#breadcrumb\",\"itemListElement\":[{\"@type\":\"ListItem\",\"position\":1,\"name\":\"Home\",\"item\":\"https:\\\/\\\/www.sansararesort.com\\\/\"},{\"@type\":\"ListItem\",\"position\":2,\"name\":\"Our Retreats\",\"item\":\"https:\\\/\\\/www.sansararesort.com\\\/our-retreats\\\/\"},{\"@type\":\"ListItem\",\"position\":3,\"name\":\"Adventure, Surf &#038; Aerial Yoga Retreat | A Sansara Collective Event\"}]},{\"@type\":\"WebSite\",\"@id\":\"https:\\\/\\\/www.sansararesort.com\\\/#website\",\"url\":\"https:\\\/\\\/www.sansararesort.com\\\/\",\"name\":\"Sansara Surf & Yoga Resort\",\"description\":\"Barefoot Luxury Wellness Surf &amp; Yoga Resort\",\"publisher\":{\"@id\":\"https:\\\/\\\/www.sansararesort.com\\\/#organization\"},\"potentialAction\":[{\"@type\":\"SearchAction\",\"target\":{\"@type\":\"EntryPoint\",\"urlTemplate\":\"https:\\\/\\\/www.sansararesort.com\\\/?s={search_term_string}\"},\"query-input\":{\"@type\":\"PropertyValueSpecification\",\"valueRequired\":true,\"valueName\":\"search_term_string\"}}],\"inLanguage\":\"es\"},{\"@type\":\"Organization\",\"@id\":\"https:\\\/\\\/www.sansararesort.com\\\/#organization\",\"name\":\"Sansara Surf & Yoga Resort\",\"url\":\"https:\\\/\\\/www.sansararesort.com\\\/\",\"logo\":{\"@type\":\"ImageObject\",\"inLanguage\":\"es\",\"@id\":\"https:\\\/\\\/www.sansararesort.com\\\/#\\\/schema\\\/logo\\\/image\\\/\",\"url\":\"https:\\\/\\\/www.sansararesort.com\\\/wp-content\\\/uploads\\\/2024\\\/02\\\/sansara_logo_panama-01-scaled.jpg\",\"contentUrl\":\"https:\\\/\\\/www.sansararesort.com\\\/wp-content\\\/uploads\\\/2024\\\/02\\\/sansara_logo_panama-01-scaled.jpg\",\"width\":2560,\"height\":2560,\"caption\":\"Sansara Surf & Yoga Resort\"},\"image\":{\"@id\":\"https:\\\/\\\/www.sansararesort.com\\\/#\\\/schema\\\/logo\\\/image\\\/\"},\"sameAs\":[\"https:\\\/\\\/www.facebook.com\\\/SansaraResort\",\"https:\\\/\\\/www.instagram.com\\\/sansararesort\\\/\"],\"description\":\"Sansara is a 5-star barefoot luxury surf and yoga resort located on the Pacific coast of Panam\u00e1 in the Azuero Peninsula. Featuring 13 oceanfront caba\u00f1as, each meticulously designed and crafted with locally sourced materials, an open-air oceanfront yoga shala, luxury spa, 5-star restaurant, world-class surf school, and adventure program.\",\"email\":\"reservations@sansararesort.com\",\"telephone\":\"+507 6201 3340\",\"legalName\":\"JMT Holdings SA\",\"foundingDate\":\"2015-01-01\",\"numberOfEmployees\":{\"@type\":\"QuantitativeValue\",\"minValue\":\"11\",\"maxValue\":\"50\"}}]}<\/script>\n<!-- \/ Yoast SEO Premium plugin. -->","yoast_head_json":{"title":"Retiro de aventura, surf y yoga a\u00e9reo | Un evento de Sansara Collective","description":"En colaboraci\u00f3n con Erin Larson de Airfit Fitness y Azuero Adventures, nos complace presentar un retiro exclusivo que promete una experiencia inolvidable. Prep\u00e1rate para un viaje de una semana lleno de clases de fitness a\u00e9reo, emocionantes aventuras y relajaci\u00f3n de lujo.","robots":{"index":"index","follow":"follow","max-snippet":"max-snippet:-1","max-image-preview":"max-image-preview:large","max-video-preview":"max-video-preview:-1"},"canonical":"https:\/\/www.sansararesort.com\/es\/our-retreats\/adventure_surf_aerial_collective\/","og_locale":"es_ES","og_type":"article","og_title":"Adventure, Surf & Aerial Yoga Retreat | A Sansara Collective Event","og_description":"In collaboration with Erin Larson from Airfit Fitness, and Azuero Adventures, we are thrilled to present an exclusive retreat that promises an unforgettable experience. Get ready to embark on a week-long journey filled with fitness aerial classes, thrilling adventures, and luxurious relaxation.","og_url":"https:\/\/www.sansararesort.com\/es\/our-retreats\/adventure_surf_aerial_collective\/","og_site_name":"Sansara Resort","article_publisher":"https:\/\/www.facebook.com\/SansaraResort","article_modified_time":"2026-04-14T14:57:09+00:00","twitter_card":"summary_large_image","schema":{"@context":"https:\/\/schema.org","@graph":[{"@type":"WebPage","@id":"https:\/\/www.sansararesort.com\/our-retreats\/adventure_surf_aerial_collective\/","url":"https:\/\/www.sansararesort.com\/our-retreats\/adventure_surf_aerial_collective\/","name":"Retiro de aventura, surf y yoga a\u00e9reo | Un evento de Sansara Collective","isPartOf":{"@id":"https:\/\/www.sansararesort.com\/#website"},"datePublished":"2024-02-02T17:47:31+00:00","dateModified":"2026-04-14T14:57:09+00:00","description":"En colaboraci\u00f3n con Erin Larson de Airfit Fitness y Azuero Adventures, nos complace presentar un retiro exclusivo que promete una experiencia inolvidable. Prep\u00e1rate para un viaje de una semana lleno de clases de fitness a\u00e9reo, emocionantes aventuras y relajaci\u00f3n de lujo.","breadcrumb":{"@id":"https:\/\/www.sansararesort.com\/our-retreats\/adventure_surf_aerial_collective\/#breadcrumb"},"inLanguage":"es","potentialAction":[{"@type":"ReadAction","target":["https:\/\/www.sansararesort.com\/our-retreats\/adventure_surf_aerial_collective\/"]}]},{"@type":"BreadcrumbList","@id":"https:\/\/www.sansararesort.com\/our-retreats\/adventure_surf_aerial_collective\/#breadcrumb","itemListElement":[{"@type":"ListItem","position":1,"name":"Home","item":"https:\/\/www.sansararesort.com\/"},{"@type":"ListItem","position":2,"name":"Our Retreats","item":"https:\/\/www.sansararesort.com\/our-retreats\/"},{"@type":"ListItem","position":3,"name":"Adventure, Surf &#038; Aerial Yoga Retreat | A Sansara Collective Event"}]},{"@type":"WebSite","@id":"https:\/\/www.sansararesort.com\/#website","url":"https:\/\/www.sansararesort.com\/","name":"Sansara Surf &amp; Yoga Resort","description":"Resort de surf y yoga de lujo Barefoot Wellness","publisher":{"@id":"https:\/\/www.sansararesort.com\/#organization"},"potentialAction":[{"@type":"SearchAction","target":{"@type":"EntryPoint","urlTemplate":"https:\/\/www.sansararesort.com\/?s={search_term_string}"},"query-input":{"@type":"PropertyValueSpecification","valueRequired":true,"valueName":"search_term_string"}}],"inLanguage":"es"},{"@type":"Organization","@id":"https:\/\/www.sansararesort.com\/#organization","name":"Sansara Surf &amp; Yoga Resort","url":"https:\/\/www.sansararesort.com\/","logo":{"@type":"ImageObject","inLanguage":"es","@id":"https:\/\/www.sansararesort.com\/#\/schema\/logo\/image\/","url":"https:\/\/www.sansararesort.com\/wp-content\/uploads\/2024\/02\/sansara_logo_panama-01-scaled.jpg","contentUrl":"https:\/\/www.sansararesort.com\/wp-content\/uploads\/2024\/02\/sansara_logo_panama-01-scaled.jpg","width":2560,"height":2560,"caption":"Sansara Surf & Yoga Resort"},"image":{"@id":"https:\/\/www.sansararesort.com\/#\/schema\/logo\/image\/"},"sameAs":["https:\/\/www.facebook.com\/SansaraResort","https:\/\/www.instagram.com\/sansararesort\/"],"description":"Sansara es un resort de surf y yoga de lujo de 5 estrellas, ubicado en la costa del Pac\u00edfico paname\u00f1o, en la pen\u00ednsula de Azuero. Cuenta con 13 caba\u00f1as frente al mar, cada una meticulosamente dise\u00f1ada y elaborada con materiales locales, una sala de yoga al aire libre frente al mar, un spa de lujo, un restaurante de 5 estrellas, una escuela de surf de clase mundial y un programa de aventura.","email":"reservations@sansararesort.com","telephone":"+507 6201 3340","legalName":"JMT Holdings SA","foundingDate":"2015-01-01","numberOfEmployees":{"@type":"QuantitativeValue","minValue":"11","maxValue":"50"}}]}},"_links":{"self":[{"href":"https:\/\/www.sansararesort.com\/es\/wp-json\/wp\/v2\/pages\/9713","targetHints":{"allow":["GET"]}}],"collection":[{"href":"https:\/\/www.sansararesort.com\/es\/wp-json\/wp\/v2\/pages"}],"about":[{"href":"https:\/\/www.sansararesort.com\/es\/wp-json\/wp\/v2\/types\/page"}],"author":[{"embeddable":true,"href":"https:\/\/www.sansararesort.com\/es\/wp-json\/wp\/v2\/users\/17"}],"replies":[{"embeddable":true,"href":"https:\/\/www.sansararesort.com\/es\/wp-json\/wp\/v2\/comments?post=9713"}],"version-history":[{"count":0,"href":"https:\/\/www.sansararesort.com\/es\/wp-json\/wp\/v2\/pages\/9713\/revisions"}],"up":[{"embeddable":true,"href":"https:\/\/www.sansararesort.com\/es\/wp-json\/wp\/v2\/pages\/1497"}],"wp:attachment":[{"href":"https:\/\/www.sansararesort.com\/es\/wp-json\/wp\/v2\/media?parent=9713"}],"curies":[{"name":"gracias","href":"https:\/\/api.w.org\/{rel}","templated":true}]}}