{"id":8674,"date":"2022-05-11T19:10:05","date_gmt":"2022-05-11T19:10:05","guid":{"rendered":"https:\/\/www.sansararesort.com\/?page_id=8674"},"modified":"2024-03-20T18:47:03","modified_gmt":"2024-03-20T18:47:03","slug":"adventure-vacations-for-couples","status":"publish","type":"page","link":"https:\/\/www.sansararesort.com\/es\/panama-vacation-packages\/adventure-vacations-for-couples\/","title":{"rendered":"Despierta tu aventura"},"content":{"rendered":"","protected":false},"excerpt":{"rendered":"","protected":false},"author":17,"featured_media":0,"parent":1481,"menu_order":2,"comment_status":"closed","ping_status":"closed","template":"","meta":{"_acf_changed":false,"footnotes":""},"class_list":["post-8674","page","type-page","status-publish","hentry"],"acf":[],"yoast_head":"<!-- This site is optimized with the Yoast SEO Premium plugin v27.0 (Yoast SEO v27.3) - https:\/\/yoast.com\/product\/yoast-seo-premium-wordpress\/ -->\n<title>Unleash the Thrill: What&#039;s in Sansara&#039;s New Adventure Package?<\/title>\n<meta name=\"description\" content=\"Embark on Sansara&#039;s unique adventure packages! Enjoy luxury accommodation, daily yoga overlooking the Pacific, horseback rides, park tours, and more. Book now!\" \/>\n<meta name=\"robots\" content=\"index, follow, max-snippet:-1, max-image-preview:large, max-video-preview:-1\" \/>\n<link rel=\"canonical\" href=\"https:\/\/www.sansararesort.com\/es\/panama-vacation-packages\/adventure-vacations-for-couples\/\" \/>\n<meta property=\"og:locale\" content=\"es_ES\" \/>\n<meta property=\"og:type\" content=\"article\" \/>\n<meta property=\"og:title\" content=\"Awaken Your Adventure\" \/>\n<meta property=\"og:description\" content=\"Embark on Sansara&#039;s unique adventure packages! Enjoy luxury accommodation, daily yoga overlooking the Pacific, horseback rides, park tours, and more. Book now!\" \/>\n<meta property=\"og:url\" content=\"https:\/\/www.sansararesort.com\/es\/panama-vacation-packages\/adventure-vacations-for-couples\/\" \/>\n<meta property=\"og:site_name\" content=\"Sansara Resort\" \/>\n<meta property=\"article:publisher\" content=\"https:\/\/www.facebook.com\/SansaraResort\" \/>\n<meta property=\"article:modified_time\" content=\"2024-03-20T18:47:03+00:00\" \/>\n<meta name=\"twitter:card\" content=\"summary_large_image\" \/>\n<script type=\"application\/ld+json\" class=\"yoast-schema-graph\">{\"@context\":\"https:\\\/\\\/schema.org\",\"@graph\":[{\"@type\":\"WebPage\",\"@id\":\"https:\\\/\\\/www.sansararesort.com\\\/panama-vacation-packages\\\/adventure-vacations-for-couples\\\/\",\"url\":\"https:\\\/\\\/www.sansararesort.com\\\/panama-vacation-packages\\\/adventure-vacations-for-couples\\\/\",\"name\":\"Unleash the Thrill: What's in Sansara's New Adventure Package?\",\"isPartOf\":{\"@id\":\"https:\\\/\\\/www.sansararesort.com\\\/#website\"},\"datePublished\":\"2022-05-11T19:10:05+00:00\",\"dateModified\":\"2024-03-20T18:47:03+00:00\",\"description\":\"Embark on Sansara's unique adventure packages! Enjoy luxury accommodation, daily yoga overlooking the Pacific, horseback rides, park tours, and more. Book now!\",\"breadcrumb\":{\"@id\":\"https:\\\/\\\/www.sansararesort.com\\\/panama-vacation-packages\\\/adventure-vacations-for-couples\\\/#breadcrumb\"},\"inLanguage\":\"es\",\"potentialAction\":[{\"@type\":\"ReadAction\",\"target\":[\"https:\\\/\\\/www.sansararesort.com\\\/panama-vacation-packages\\\/adventure-vacations-for-couples\\\/\"]}]},{\"@type\":\"BreadcrumbList\",\"@id\":\"https:\\\/\\\/www.sansararesort.com\\\/panama-vacation-packages\\\/adventure-vacations-for-couples\\\/#breadcrumb\",\"itemListElement\":[{\"@type\":\"ListItem\",\"position\":1,\"name\":\"Home\",\"item\":\"https:\\\/\\\/www.sansararesort.com\\\/\"},{\"@type\":\"ListItem\",\"position\":2,\"name\":\"Panama Vacation Packages\",\"item\":\"https:\\\/\\\/www.sansararesort.com\\\/panama-vacation-packages\\\/\"},{\"@type\":\"ListItem\",\"position\":3,\"name\":\"Awaken Your Adventure\"}]},{\"@type\":\"WebSite\",\"@id\":\"https:\\\/\\\/www.sansararesort.com\\\/#website\",\"url\":\"https:\\\/\\\/www.sansararesort.com\\\/\",\"name\":\"Sansara Surf & Yoga Resort\",\"description\":\"Barefoot Luxury Wellness Surf &amp; Yoga Resort\",\"publisher\":{\"@id\":\"https:\\\/\\\/www.sansararesort.com\\\/#organization\"},\"potentialAction\":[{\"@type\":\"SearchAction\",\"target\":{\"@type\":\"EntryPoint\",\"urlTemplate\":\"https:\\\/\\\/www.sansararesort.com\\\/?s={search_term_string}\"},\"query-input\":{\"@type\":\"PropertyValueSpecification\",\"valueRequired\":true,\"valueName\":\"search_term_string\"}}],\"inLanguage\":\"es\"},{\"@type\":\"Organization\",\"@id\":\"https:\\\/\\\/www.sansararesort.com\\\/#organization\",\"name\":\"Sansara Surf & Yoga Resort\",\"url\":\"https:\\\/\\\/www.sansararesort.com\\\/\",\"logo\":{\"@type\":\"ImageObject\",\"inLanguage\":\"es\",\"@id\":\"https:\\\/\\\/www.sansararesort.com\\\/#\\\/schema\\\/logo\\\/image\\\/\",\"url\":\"https:\\\/\\\/www.sansararesort.com\\\/wp-content\\\/uploads\\\/2024\\\/02\\\/sansara_logo_panama-01-scaled.jpg\",\"contentUrl\":\"https:\\\/\\\/www.sansararesort.com\\\/wp-content\\\/uploads\\\/2024\\\/02\\\/sansara_logo_panama-01-scaled.jpg\",\"width\":2560,\"height\":2560,\"caption\":\"Sansara Surf & Yoga Resort\"},\"image\":{\"@id\":\"https:\\\/\\\/www.sansararesort.com\\\/#\\\/schema\\\/logo\\\/image\\\/\"},\"sameAs\":[\"https:\\\/\\\/www.facebook.com\\\/SansaraResort\",\"https:\\\/\\\/www.instagram.com\\\/sansararesort\\\/\"],\"description\":\"Sansara is a 5-star barefoot luxury surf and yoga resort located on the Pacific coast of Panam\u00e1 in the Azuero Peninsula. Featuring 13 oceanfront caba\u00f1as, each meticulously designed and crafted with locally sourced materials, an open-air oceanfront yoga shala, luxury spa, 5-star restaurant, world-class surf school, and adventure program.\",\"email\":\"reservations@sansararesort.com\",\"telephone\":\"+507 6201 3340\",\"legalName\":\"JMT Holdings SA\",\"foundingDate\":\"2015-01-01\",\"numberOfEmployees\":{\"@type\":\"QuantitativeValue\",\"minValue\":\"11\",\"maxValue\":\"50\"}}]}<\/script>\n<!-- \/ Yoast SEO Premium plugin. -->","yoast_head_json":{"title":"Libera la emoci\u00f3n: \u00bfQu\u00e9 incluye el nuevo paquete de aventuras de Sansara?","description":"\u00a1Emb\u00e1rcate en los paquetes de aventura \u00fanicos de Sansara! Disfruta de alojamiento de lujo, yoga diario con vistas al Pac\u00edfico, paseos a caballo, visitas al parque y mucho m\u00e1s. \u00a1Reserva ya!","robots":{"index":"index","follow":"follow","max-snippet":"max-snippet:-1","max-image-preview":"max-image-preview:large","max-video-preview":"max-video-preview:-1"},"canonical":"https:\/\/www.sansararesort.com\/es\/panama-vacation-packages\/adventure-vacations-for-couples\/","og_locale":"es_ES","og_type":"article","og_title":"Awaken Your Adventure","og_description":"Embark on Sansara's unique adventure packages! Enjoy luxury accommodation, daily yoga overlooking the Pacific, horseback rides, park tours, and more. Book now!","og_url":"https:\/\/www.sansararesort.com\/es\/panama-vacation-packages\/adventure-vacations-for-couples\/","og_site_name":"Sansara Resort","article_publisher":"https:\/\/www.facebook.com\/SansaraResort","article_modified_time":"2024-03-20T18:47:03+00:00","twitter_card":"summary_large_image","schema":{"@context":"https:\/\/schema.org","@graph":[{"@type":"WebPage","@id":"https:\/\/www.sansararesort.com\/panama-vacation-packages\/adventure-vacations-for-couples\/","url":"https:\/\/www.sansararesort.com\/panama-vacation-packages\/adventure-vacations-for-couples\/","name":"Libera la emoci\u00f3n: \u00bfQu\u00e9 incluye el nuevo paquete de aventuras de Sansara?","isPartOf":{"@id":"https:\/\/www.sansararesort.com\/#website"},"datePublished":"2022-05-11T19:10:05+00:00","dateModified":"2024-03-20T18:47:03+00:00","description":"\u00a1Emb\u00e1rcate en los paquetes de aventura \u00fanicos de Sansara! Disfruta de alojamiento de lujo, yoga diario con vistas al Pac\u00edfico, paseos a caballo, visitas al parque y mucho m\u00e1s. \u00a1Reserva ya!","breadcrumb":{"@id":"https:\/\/www.sansararesort.com\/panama-vacation-packages\/adventure-vacations-for-couples\/#breadcrumb"},"inLanguage":"es","potentialAction":[{"@type":"ReadAction","target":["https:\/\/www.sansararesort.com\/panama-vacation-packages\/adventure-vacations-for-couples\/"]}]},{"@type":"BreadcrumbList","@id":"https:\/\/www.sansararesort.com\/panama-vacation-packages\/adventure-vacations-for-couples\/#breadcrumb","itemListElement":[{"@type":"ListItem","position":1,"name":"Home","item":"https:\/\/www.sansararesort.com\/"},{"@type":"ListItem","position":2,"name":"Panama Vacation Packages","item":"https:\/\/www.sansararesort.com\/panama-vacation-packages\/"},{"@type":"ListItem","position":3,"name":"Awaken Your Adventure"}]},{"@type":"WebSite","@id":"https:\/\/www.sansararesort.com\/#website","url":"https:\/\/www.sansararesort.com\/","name":"Sansara Surf &amp; Yoga Resort","description":"Resort de surf y yoga de lujo Barefoot Wellness","publisher":{"@id":"https:\/\/www.sansararesort.com\/#organization"},"potentialAction":[{"@type":"SearchAction","target":{"@type":"EntryPoint","urlTemplate":"https:\/\/www.sansararesort.com\/?s={search_term_string}"},"query-input":{"@type":"PropertyValueSpecification","valueRequired":true,"valueName":"search_term_string"}}],"inLanguage":"es"},{"@type":"Organization","@id":"https:\/\/www.sansararesort.com\/#organization","name":"Sansara Surf &amp; Yoga Resort","url":"https:\/\/www.sansararesort.com\/","logo":{"@type":"ImageObject","inLanguage":"es","@id":"https:\/\/www.sansararesort.com\/#\/schema\/logo\/image\/","url":"https:\/\/www.sansararesort.com\/wp-content\/uploads\/2024\/02\/sansara_logo_panama-01-scaled.jpg","contentUrl":"https:\/\/www.sansararesort.com\/wp-content\/uploads\/2024\/02\/sansara_logo_panama-01-scaled.jpg","width":2560,"height":2560,"caption":"Sansara Surf & Yoga Resort"},"image":{"@id":"https:\/\/www.sansararesort.com\/#\/schema\/logo\/image\/"},"sameAs":["https:\/\/www.facebook.com\/SansaraResort","https:\/\/www.instagram.com\/sansararesort\/"],"description":"Sansara es un resort de surf y yoga de lujo de 5 estrellas, ubicado en la costa del Pac\u00edfico paname\u00f1o, en la pen\u00ednsula de Azuero. Cuenta con 13 caba\u00f1as frente al mar, cada una meticulosamente dise\u00f1ada y elaborada con materiales locales, una sala de yoga al aire libre frente al mar, un spa de lujo, un restaurante de 5 estrellas, una escuela de surf de clase mundial y un programa de aventura.","email":"reservations@sansararesort.com","telephone":"+507 6201 3340","legalName":"JMT Holdings SA","foundingDate":"2015-01-01","numberOfEmployees":{"@type":"QuantitativeValue","minValue":"11","maxValue":"50"}}]}},"_links":{"self":[{"href":"https:\/\/www.sansararesort.com\/es\/wp-json\/wp\/v2\/pages\/8674","targetHints":{"allow":["GET"]}}],"collection":[{"href":"https:\/\/www.sansararesort.com\/es\/wp-json\/wp\/v2\/pages"}],"about":[{"href":"https:\/\/www.sansararesort.com\/es\/wp-json\/wp\/v2\/types\/page"}],"author":[{"embeddable":true,"href":"https:\/\/www.sansararesort.com\/es\/wp-json\/wp\/v2\/users\/17"}],"replies":[{"embeddable":true,"href":"https:\/\/www.sansararesort.com\/es\/wp-json\/wp\/v2\/comments?post=8674"}],"version-history":[{"count":0,"href":"https:\/\/www.sansararesort.com\/es\/wp-json\/wp\/v2\/pages\/8674\/revisions"}],"up":[{"embeddable":true,"href":"https:\/\/www.sansararesort.com\/es\/wp-json\/wp\/v2\/pages\/1481"}],"wp:attachment":[{"href":"https:\/\/www.sansararesort.com\/es\/wp-json\/wp\/v2\/media?parent=8674"}],"curies":[{"name":"gracias","href":"https:\/\/api.w.org\/{rel}","templated":true}]}}