{"id":8372,"date":"2022-01-14T15:23:02","date_gmt":"2022-01-14T15:23:02","guid":{"rendered":"https:\/\/www.sansararesort.com\/?page_id=8372"},"modified":"2022-01-14T15:31:05","modified_gmt":"2022-01-14T15:31:05","slug":"wellness-retreat-panama","status":"publish","type":"page","link":"https:\/\/www.sansararesort.com\/es\/wellness-retreat-panama\/","title":{"rendered":"Retiro de Bienestar Panam\u00e1"},"content":{"rendered":"<p>Cada tipo de retiro de bienestar es \u00fanico, pero generalmente todos se centran en terapias hol\u00edsticas para mejorar su bienestar general.<\/p>\n<p>Los retiros de bienestar son lugares donde puedes alejarte del estr\u00e9s de la vida diaria para descansar, relajarte y rejuvenecer. Pueden ser \u00fatiles si ha experimentado un trauma emocional, desea cambiar su dieta, su estado f\u00edsico o su autoestima.<\/p>\n<p>Los retiros de bienestar suelen realizarse en lugares tranquilos para permitir la conexi\u00f3n con la naturaleza, lo que sin duda es cierto en el caso de Sansara Retreat.<\/p>\n<p>Nuestro retiro de bienestar en Panam\u00e1 ofrece instalaciones residenciales de lujo donde podr\u00e1s sumergirte por completo en un programa de bienestar durante varios d\u00edas dependiendo de la actividad elegida.<\/p>\n<p><strong>\u00bfQu\u00e9 puedo esperar de un retiro de bienestar?<\/strong><\/p>\n<p>Un d\u00eda t\u00edpico en Sansara Retreat puede incluir una sesi\u00f3n de yoga, comida fresca, un masaje o una vigorizante experiencia de surf.<\/p>\n<p>En el retiro de bienestar de Sansara, puede esperar un men\u00fa repleto de alimentos saludables que lo ayudar\u00e1n a comer bien, desintoxicarse y sentirse mejor.<\/p>\n<p>Nuestro retiro de bienestar se centra en mejorar su salud y bienestar a trav\u00e9s de la relajaci\u00f3n, la conexi\u00f3n y la educaci\u00f3n a partir de ideas que se han desarrollado durante d\u00e9cadas o siglos para ayudar a las personas a vivir una vida m\u00e1s armoniosa.<\/p>\n<p>El retiro de bienestar Sansara ofrece programas grupales en los que est\u00e1 conectado con personas de ideas afines. Puedes alojarte como parte de un grupo preorganizado o como individuo. Si viaja solo, se recomienda encarecidamente reservar un retiro de bienestar, ya que aprender\u00e1 mucho sobre usted mismo y lo alentar\u00e1 a conocer personas con ideas afines en su programa y formar nuevas amistades.<\/p>\n<h2>\u00bfCu\u00e1les son los beneficios de asistir a un retiro de bienestar?<\/h2>\n<p>Puede ser que no est\u00e9 seguro de lo que quiere obtener al asistir a un retiro de bienestar o que tenga algo muy espec\u00edfico en lo que desee trabajar durante el programa.<\/p>\n<p>Nuestro retiro de Yoga y Surf se enfoca en calmar la mente, realinearse con sus verdaderos valores y sanar bloqueos mentales y espirituales, as\u00ed como una relaci\u00f3n m\u00e1s saludable con la comida.<\/p>\n<p>Nuestro retiro de bienestar est\u00e1 dirigido por una gran cantidad de expertos en su campo, lo que le permite concentrarse en un \u00e1rea en particular. Encontrar\u00e1s tutores expertos para visitar e impartir clases, que ser\u00e1n mucho m\u00e1s \u00edntimas que las que podr\u00edas asistir en casa.<\/p>\n<p>Si bien una semana puede no parecer suficiente para transformar tu vida, regresar\u00e1s a casa con una mentalidad completamente nueva.<\/p>\n<p><strong>Rejuvenecer en Panam\u00e1<\/strong><\/p>\n<p>Restaura tu equilibrio y recon\u00e9ctate con tu esp\u00edritu interior cuando te unas a nosotros en Sansara para vivir una experiencia de bienestar hol\u00edstico. Contamos con un paquete seleccionado de clases diarias de yoga, surf, masajes exclusivos y comidas saludables que nutrir\u00e1n y potenciar\u00e1n su mente, cuerpo y alma.<\/p>\n<ul>\n<li>Seis noches de alojamiento de lujo.<\/li>\n<li>Clases diarias de yoga con vistas al Oc\u00e9ano Pac\u00edfico. Se proporcionan colchonetas y accesorios de yoga.<\/li>\n<li>Tres comidas saludables y equilibradas cada d\u00eda.<\/li>\n<li>1 masaje exclusivo Sansara de 105 minutos (por persona)<\/li>\n<li>1 x Facial (por persona)<\/li>\n<li>Una (1) introducci\u00f3n al Surf, con Surf Sansara<\/li>\n<li>Uso gratuito de tablas de SUP, kayaks y bicicletas.<\/li>\n<li>Se proporcionan productos de ba\u00f1o org\u00e1nicos, ropa de cama y toallas de playa de alta calidad.<\/li>\n<li>Caf\u00e9 local, t\u00e9 y agua filtrada.<\/li>\n<li>Ropa de cama y toallas hipoalerg\u00e9nicas.<\/li>\n<li>Productos org\u00e1nicos de spa en caba\u00f1a.<\/li>\n<\/ul>\n<p><strong>Surfear y quedarse<\/strong><\/p>\n<p>\u00danase a nosotros en Sansara para vivir una experiencia de surf que le dar\u00e1 la confianza para pasar un buen rato en el agua. Nuestros entrenadores expertos en surf te llevar\u00e1n a los mejores lugares para surfear en Cambutal y te guiar\u00e1n a medida que alcances tu potencial. Las sesiones diarias de yoga en nuestro hermoso yoga shala y las comidas nutritivas creadas por nuestros chefs le brindar\u00e1n una experiencia de bienestar hol\u00edstico y equilibrado.<\/p>\n<ul>\n<li>Seis noches de alojamiento de lujo.<\/li>\n<li>Clases de yoga una vez al d\u00eda con vista al Oc\u00e9ano Pac\u00edfico. Se proporcionan colchonetas y accesorios de yoga.<\/li>\n<li>Tres comidas saludables y equilibradas cada d\u00eda.<\/li>\n<li>Una introducci\u00f3n al Surf, con Surf Sansara (por persona)<\/li>\n<li>3 clases de surf en agua (hasta 3 horas de orientaci\u00f3n por parte de nuestros profesionales)<\/li>\n<li>Alquiler de tabla, protecci\u00f3n contra erupciones, transporte hacia\/desde el descanso y fruta y agua despu\u00e9s del surf incluidos.<\/li>\n<li>Uso gratuito de tablas de SUP, kayaks y bicicletas.<\/li>\n<li>Se proporcionan productos de ba\u00f1o org\u00e1nicos, ropa de cama y toallas de playa de alta calidad.<\/li>\n<li>Caf\u00e9 local, t\u00e9 y agua filtrada.<\/li>\n<li>Ropa de cama y toallas hipoalerg\u00e9nicas.<\/li>\n<li>Productos org\u00e1nicos de spa en caba\u00f1a.<\/li>\n<\/ul>\n<p>Si necesitas m\u00e1s informaci\u00f3n sobre nuestra <strong>Retiro de Bienestar Panam\u00e1<\/strong>,<a href=\"https:\/\/www.sansararesort.com\/es\/contact-us\/\"> Cont\u00e1ctenos<\/a><\/p>","protected":false},"excerpt":{"rendered":"<p>Every type of wellness retreat is unique, but they all generally focus on holistic therapies to improve your overall wellbeing. Wellness retreats are places where you can get away from the stress of daily life to unwind, relax and rejuvenate. They can be useful if you have experienced emotional trauma, want to change your diet, [&hellip;]<\/p>\n","protected":false},"author":17,"featured_media":0,"parent":0,"menu_order":0,"comment_status":"closed","ping_status":"closed","template":"","meta":{"_acf_changed":false,"footnotes":""},"class_list":["post-8372","page","type-page","status-publish","hentry"],"acf":[],"yoast_head":"<!-- This site is optimized with the Yoast SEO Premium plugin v27.0 (Yoast SEO v27.5) - https:\/\/yoast.com\/product\/yoast-seo-premium-wordpress\/ -->\n<title>Wellness Retreat Panama - Sansara Resort<\/title>\n<meta name=\"description\" content=\"Our Wellness Retreat Panama is a place where you can get away from the stress of daily life to unwind, relax and rejuvenate.\" \/>\n<meta name=\"robots\" content=\"index, follow, max-snippet:-1, max-image-preview:large, max-video-preview:-1\" \/>\n<link rel=\"canonical\" href=\"https:\/\/www.sansararesort.com\/es\/wellness-retreat-panama\/\" \/>\n<meta property=\"og:locale\" content=\"es_ES\" \/>\n<meta property=\"og:type\" content=\"article\" \/>\n<meta property=\"og:title\" content=\"Wellness Retreat Panama\" \/>\n<meta property=\"og:description\" content=\"Our Wellness Retreat Panama is a place where you can get away from the stress of daily life to unwind, relax and rejuvenate.\" \/>\n<meta property=\"og:url\" content=\"https:\/\/www.sansararesort.com\/es\/wellness-retreat-panama\/\" \/>\n<meta property=\"og:site_name\" content=\"Sansara Resort\" \/>\n<meta property=\"article:publisher\" content=\"https:\/\/www.facebook.com\/SansaraResort\" \/>\n<meta property=\"article:modified_time\" content=\"2022-01-14T15:31:05+00:00\" \/>\n<meta name=\"twitter:card\" content=\"summary_large_image\" \/>\n<meta name=\"twitter:label1\" content=\"Tiempo de lectura\" \/>\n\t<meta name=\"twitter:data1\" content=\"4 minutos\" \/>\n<script type=\"application\/ld+json\" class=\"yoast-schema-graph\">{\"@context\":\"https:\\\/\\\/schema.org\",\"@graph\":[{\"@type\":\"WebPage\",\"@id\":\"https:\\\/\\\/www.sansararesort.com\\\/wellness-retreat-panama\\\/\",\"url\":\"https:\\\/\\\/www.sansararesort.com\\\/wellness-retreat-panama\\\/\",\"name\":\"Wellness Retreat Panama - Sansara Resort\",\"isPartOf\":{\"@id\":\"https:\\\/\\\/www.sansararesort.com\\\/#website\"},\"datePublished\":\"2022-01-14T15:23:02+00:00\",\"dateModified\":\"2022-01-14T15:31:05+00:00\",\"description\":\"Our Wellness Retreat Panama is a place where you can get away from the stress of daily life to unwind, relax and rejuvenate.\",\"breadcrumb\":{\"@id\":\"https:\\\/\\\/www.sansararesort.com\\\/wellness-retreat-panama\\\/#breadcrumb\"},\"inLanguage\":\"es\",\"potentialAction\":[{\"@type\":\"ReadAction\",\"target\":[\"https:\\\/\\\/www.sansararesort.com\\\/wellness-retreat-panama\\\/\"]}]},{\"@type\":\"BreadcrumbList\",\"@id\":\"https:\\\/\\\/www.sansararesort.com\\\/wellness-retreat-panama\\\/#breadcrumb\",\"itemListElement\":[{\"@type\":\"ListItem\",\"position\":1,\"name\":\"Home\",\"item\":\"https:\\\/\\\/www.sansararesort.com\\\/\"},{\"@type\":\"ListItem\",\"position\":2,\"name\":\"Wellness Retreat Panama\"}]},{\"@type\":\"WebSite\",\"@id\":\"https:\\\/\\\/www.sansararesort.com\\\/#website\",\"url\":\"https:\\\/\\\/www.sansararesort.com\\\/\",\"name\":\"Sansara Surf & Yoga Resort\",\"description\":\"Barefoot Luxury Wellness Surf &amp; Yoga Resort\",\"publisher\":{\"@id\":\"https:\\\/\\\/www.sansararesort.com\\\/#organization\"},\"potentialAction\":[{\"@type\":\"SearchAction\",\"target\":{\"@type\":\"EntryPoint\",\"urlTemplate\":\"https:\\\/\\\/www.sansararesort.com\\\/?s={search_term_string}\"},\"query-input\":{\"@type\":\"PropertyValueSpecification\",\"valueRequired\":true,\"valueName\":\"search_term_string\"}}],\"inLanguage\":\"es\"},{\"@type\":\"Organization\",\"@id\":\"https:\\\/\\\/www.sansararesort.com\\\/#organization\",\"name\":\"Sansara Surf & Yoga Resort\",\"url\":\"https:\\\/\\\/www.sansararesort.com\\\/\",\"logo\":{\"@type\":\"ImageObject\",\"inLanguage\":\"es\",\"@id\":\"https:\\\/\\\/www.sansararesort.com\\\/#\\\/schema\\\/logo\\\/image\\\/\",\"url\":\"https:\\\/\\\/www.sansararesort.com\\\/wp-content\\\/uploads\\\/2024\\\/02\\\/sansara_logo_panama-01-scaled.jpg\",\"contentUrl\":\"https:\\\/\\\/www.sansararesort.com\\\/wp-content\\\/uploads\\\/2024\\\/02\\\/sansara_logo_panama-01-scaled.jpg\",\"width\":2560,\"height\":2560,\"caption\":\"Sansara Surf & Yoga Resort\"},\"image\":{\"@id\":\"https:\\\/\\\/www.sansararesort.com\\\/#\\\/schema\\\/logo\\\/image\\\/\"},\"sameAs\":[\"https:\\\/\\\/www.facebook.com\\\/SansaraResort\",\"https:\\\/\\\/www.instagram.com\\\/sansararesort\\\/\"],\"description\":\"Sansara is a 5-star barefoot luxury surf and yoga resort located on the Pacific coast of Panam\u00e1 in the Azuero Peninsula. Featuring 13 oceanfront caba\u00f1as, each meticulously designed and crafted with locally sourced materials, an open-air oceanfront yoga shala, luxury spa, 5-star restaurant, world-class surf school, and adventure program.\",\"email\":\"reservations@sansararesort.com\",\"telephone\":\"+507 6201 3340\",\"legalName\":\"JMT Holdings SA\",\"foundingDate\":\"2015-01-01\",\"numberOfEmployees\":{\"@type\":\"QuantitativeValue\",\"minValue\":\"11\",\"maxValue\":\"50\"}}]}<\/script>\n<!-- \/ Yoast SEO Premium plugin. -->","yoast_head_json":{"title":"Wellness Retreat Panama - Sansara Resort","description":"Our Wellness Retreat Panama is a place where you can get away from the stress of daily life to unwind, relax and rejuvenate.","robots":{"index":"index","follow":"follow","max-snippet":"max-snippet:-1","max-image-preview":"max-image-preview:large","max-video-preview":"max-video-preview:-1"},"canonical":"https:\/\/www.sansararesort.com\/es\/wellness-retreat-panama\/","og_locale":"es_ES","og_type":"article","og_title":"Wellness Retreat Panama","og_description":"Our Wellness Retreat Panama is a place where you can get away from the stress of daily life to unwind, relax and rejuvenate.","og_url":"https:\/\/www.sansararesort.com\/es\/wellness-retreat-panama\/","og_site_name":"Sansara Resort","article_publisher":"https:\/\/www.facebook.com\/SansaraResort","article_modified_time":"2022-01-14T15:31:05+00:00","twitter_card":"summary_large_image","twitter_misc":{"Tiempo de lectura":"4 minutos"},"schema":{"@context":"https:\/\/schema.org","@graph":[{"@type":"WebPage","@id":"https:\/\/www.sansararesort.com\/wellness-retreat-panama\/","url":"https:\/\/www.sansararesort.com\/wellness-retreat-panama\/","name":"Wellness Retreat Panama - Sansara Resort","isPartOf":{"@id":"https:\/\/www.sansararesort.com\/#website"},"datePublished":"2022-01-14T15:23:02+00:00","dateModified":"2022-01-14T15:31:05+00:00","description":"Our Wellness Retreat Panama is a place where you can get away from the stress of daily life to unwind, relax and rejuvenate.","breadcrumb":{"@id":"https:\/\/www.sansararesort.com\/wellness-retreat-panama\/#breadcrumb"},"inLanguage":"es","potentialAction":[{"@type":"ReadAction","target":["https:\/\/www.sansararesort.com\/wellness-retreat-panama\/"]}]},{"@type":"BreadcrumbList","@id":"https:\/\/www.sansararesort.com\/wellness-retreat-panama\/#breadcrumb","itemListElement":[{"@type":"ListItem","position":1,"name":"Home","item":"https:\/\/www.sansararesort.com\/"},{"@type":"ListItem","position":2,"name":"Wellness Retreat Panama"}]},{"@type":"WebSite","@id":"https:\/\/www.sansararesort.com\/#website","url":"https:\/\/www.sansararesort.com\/","name":"Sansara Surf &amp; Yoga Resort","description":"Resort de surf y yoga de lujo Barefoot Wellness","publisher":{"@id":"https:\/\/www.sansararesort.com\/#organization"},"potentialAction":[{"@type":"SearchAction","target":{"@type":"EntryPoint","urlTemplate":"https:\/\/www.sansararesort.com\/?s={search_term_string}"},"query-input":{"@type":"PropertyValueSpecification","valueRequired":true,"valueName":"search_term_string"}}],"inLanguage":"es"},{"@type":"Organization","@id":"https:\/\/www.sansararesort.com\/#organization","name":"Sansara Surf &amp; Yoga Resort","url":"https:\/\/www.sansararesort.com\/","logo":{"@type":"ImageObject","inLanguage":"es","@id":"https:\/\/www.sansararesort.com\/#\/schema\/logo\/image\/","url":"https:\/\/www.sansararesort.com\/wp-content\/uploads\/2024\/02\/sansara_logo_panama-01-scaled.jpg","contentUrl":"https:\/\/www.sansararesort.com\/wp-content\/uploads\/2024\/02\/sansara_logo_panama-01-scaled.jpg","width":2560,"height":2560,"caption":"Sansara Surf & Yoga Resort"},"image":{"@id":"https:\/\/www.sansararesort.com\/#\/schema\/logo\/image\/"},"sameAs":["https:\/\/www.facebook.com\/SansaraResort","https:\/\/www.instagram.com\/sansararesort\/"],"description":"Sansara es un resort de surf y yoga de lujo de 5 estrellas, ubicado en la costa del Pac\u00edfico paname\u00f1o, en la pen\u00ednsula de Azuero. Cuenta con 13 caba\u00f1as frente al mar, cada una meticulosamente dise\u00f1ada y elaborada con materiales locales, una sala de yoga al aire libre frente al mar, un spa de lujo, un restaurante de 5 estrellas, una escuela de surf de clase mundial y un programa de aventura.","email":"reservations@sansararesort.com","telephone":"+507 6201 3340","legalName":"JMT Holdings SA","foundingDate":"2015-01-01","numberOfEmployees":{"@type":"QuantitativeValue","minValue":"11","maxValue":"50"}}]}},"_links":{"self":[{"href":"https:\/\/www.sansararesort.com\/es\/wp-json\/wp\/v2\/pages\/8372","targetHints":{"allow":["GET"]}}],"collection":[{"href":"https:\/\/www.sansararesort.com\/es\/wp-json\/wp\/v2\/pages"}],"about":[{"href":"https:\/\/www.sansararesort.com\/es\/wp-json\/wp\/v2\/types\/page"}],"author":[{"embeddable":true,"href":"https:\/\/www.sansararesort.com\/es\/wp-json\/wp\/v2\/users\/17"}],"replies":[{"embeddable":true,"href":"https:\/\/www.sansararesort.com\/es\/wp-json\/wp\/v2\/comments?post=8372"}],"version-history":[{"count":0,"href":"https:\/\/www.sansararesort.com\/es\/wp-json\/wp\/v2\/pages\/8372\/revisions"}],"wp:attachment":[{"href":"https:\/\/www.sansararesort.com\/es\/wp-json\/wp\/v2\/media?parent=8372"}],"curies":[{"name":"gracias","href":"https:\/\/api.w.org\/{rel}","templated":true}]}}