{"id":8092,"date":"2021-12-10T17:32:25","date_gmt":"2021-12-10T17:32:25","guid":{"rendered":"https:\/\/www.sansararesort.com\/?page_id=8092"},"modified":"2026-03-15T23:45:14","modified_gmt":"2026-03-15T23:45:14","slug":"casa-zen","status":"publish","type":"page","link":"https:\/\/www.sansararesort.com\/es\/accommodation\/oceanfront-suites\/casa-zen\/","title":{"rendered":"Casa Zen"},"content":{"rendered":"","protected":false},"excerpt":{"rendered":"","protected":false},"author":17,"featured_media":0,"parent":1428,"menu_order":1,"comment_status":"closed","ping_status":"closed","template":"","meta":{"_acf_changed":false,"footnotes":""},"class_list":["post-8092","page","type-page","status-publish","hentry"],"acf":[],"yoast_head":"<!-- This site is optimized with the Yoast SEO Premium plugin v27.0 (Yoast SEO v27.4) - https:\/\/yoast.com\/product\/yoast-seo-premium-wordpress\/ -->\n<title>Casa Zen - Sansara Resort<\/title>\n<meta name=\"description\" content=\"Book the Casa Zen Oceanview Villa. Perched up a few meters off the sand and steps away from the gentle waves of the Pacific Ocean, this cabana features a private pool and spa-like design; ideal for a relaxing getaway.\" \/>\n<meta name=\"robots\" content=\"index, follow, max-snippet:-1, max-image-preview:large, max-video-preview:-1\" \/>\n<link rel=\"canonical\" href=\"https:\/\/www.sansararesort.com\/es\/accommodation\/oceanfront-suites\/casa-zen\/\" \/>\n<meta property=\"og:locale\" content=\"es_ES\" \/>\n<meta property=\"og:type\" content=\"article\" \/>\n<meta property=\"og:title\" content=\"Casa Zen | Ocean View Suites in Panama | Sansara Surf and Yoga Resort\" \/>\n<meta property=\"og:description\" content=\"Book the Casa Zen Oceanview Villa. Perched up a few meters off the sand and steps away from the gentle waves of the Pacific Ocean, this cabana features a private pool and spa-like design; ideal for a relaxing getaway.\" \/>\n<meta property=\"og:url\" content=\"https:\/\/www.sansararesort.com\/es\/accommodation\/oceanfront-suites\/casa-zen\/\" \/>\n<meta property=\"og:site_name\" content=\"Sansara Resort\" \/>\n<meta property=\"article:publisher\" content=\"https:\/\/www.facebook.com\/SansaraResort\" \/>\n<meta property=\"article:modified_time\" content=\"2026-03-15T23:45:14+00:00\" \/>\n<meta property=\"og:image\" content=\"https:\/\/www.sansararesort.com\/wp-content\/uploads\/2022\/06\/CasaZen_1200x630.jpg\" \/>\n\t<meta property=\"og:image:width\" content=\"1200\" \/>\n\t<meta property=\"og:image:height\" content=\"630\" \/>\n\t<meta property=\"og:image:type\" content=\"image\/jpeg\" \/>\n<meta name=\"twitter:card\" content=\"summary_large_image\" \/>\n<meta name=\"twitter:title\" content=\"Casa Zen | Ocean View Suites in Panama | Sansara Surf and Yoga Resort\" \/>\n<meta name=\"twitter:description\" content=\"Book the Casa Zen Oceanview Villa. Perched up a few meters off the sand and steps away from the gentle waves of the Pacific Ocean, this cabana features a private pool and spa-like design; ideal for a relaxing getaway.\" \/>\n<meta name=\"twitter:image\" content=\"https:\/\/www.sansararesort.com\/wp-content\/uploads\/2022\/06\/CasaZen_1200x630.jpg\" \/>\n<script type=\"application\/ld+json\" class=\"yoast-schema-graph\">{\"@context\":\"https:\\\/\\\/schema.org\",\"@graph\":[{\"@type\":\"WebPage\",\"@id\":\"https:\\\/\\\/www.sansararesort.com\\\/accommodation\\\/oceanfront-suites\\\/casa-zen\\\/\",\"url\":\"https:\\\/\\\/www.sansararesort.com\\\/accommodation\\\/oceanfront-suites\\\/casa-zen\\\/\",\"name\":\"Casa Zen - Sansara Resort\",\"isPartOf\":{\"@id\":\"https:\\\/\\\/www.sansararesort.com\\\/#website\"},\"datePublished\":\"2021-12-10T17:32:25+00:00\",\"dateModified\":\"2026-03-15T23:45:14+00:00\",\"description\":\"Book the Casa Zen Oceanview Villa. Perched up a few meters off the sand and steps away from the gentle waves of the Pacific Ocean, this cabana features a private pool and spa-like design; ideal for a relaxing getaway.\",\"breadcrumb\":{\"@id\":\"https:\\\/\\\/www.sansararesort.com\\\/accommodation\\\/oceanfront-suites\\\/casa-zen\\\/#breadcrumb\"},\"inLanguage\":\"es\",\"potentialAction\":[{\"@type\":\"ReadAction\",\"target\":[\"https:\\\/\\\/www.sansararesort.com\\\/accommodation\\\/oceanfront-suites\\\/casa-zen\\\/\"]}]},{\"@type\":\"BreadcrumbList\",\"@id\":\"https:\\\/\\\/www.sansararesort.com\\\/accommodation\\\/oceanfront-suites\\\/casa-zen\\\/#breadcrumb\",\"itemListElement\":[{\"@type\":\"ListItem\",\"position\":1,\"name\":\"Home\",\"item\":\"https:\\\/\\\/www.sansararesort.com\\\/\"},{\"@type\":\"ListItem\",\"position\":2,\"name\":\"Accommodation\",\"item\":\"https:\\\/\\\/www.sansararesort.com\\\/accommodation\\\/\"},{\"@type\":\"ListItem\",\"position\":3,\"name\":\"Oceanfront Suites\",\"item\":\"https:\\\/\\\/www.sansararesort.com\\\/accommodation\\\/oceanfront-suites\\\/\"},{\"@type\":\"ListItem\",\"position\":4,\"name\":\"Casa Zen\"}]},{\"@type\":\"WebSite\",\"@id\":\"https:\\\/\\\/www.sansararesort.com\\\/#website\",\"url\":\"https:\\\/\\\/www.sansararesort.com\\\/\",\"name\":\"Sansara Surf & Yoga Resort\",\"description\":\"Barefoot Luxury Wellness Surf &amp; Yoga Resort\",\"publisher\":{\"@id\":\"https:\\\/\\\/www.sansararesort.com\\\/#organization\"},\"potentialAction\":[{\"@type\":\"SearchAction\",\"target\":{\"@type\":\"EntryPoint\",\"urlTemplate\":\"https:\\\/\\\/www.sansararesort.com\\\/?s={search_term_string}\"},\"query-input\":{\"@type\":\"PropertyValueSpecification\",\"valueRequired\":true,\"valueName\":\"search_term_string\"}}],\"inLanguage\":\"es\"},{\"@type\":\"Organization\",\"@id\":\"https:\\\/\\\/www.sansararesort.com\\\/#organization\",\"name\":\"Sansara Surf & Yoga Resort\",\"url\":\"https:\\\/\\\/www.sansararesort.com\\\/\",\"logo\":{\"@type\":\"ImageObject\",\"inLanguage\":\"es\",\"@id\":\"https:\\\/\\\/www.sansararesort.com\\\/#\\\/schema\\\/logo\\\/image\\\/\",\"url\":\"https:\\\/\\\/www.sansararesort.com\\\/wp-content\\\/uploads\\\/2024\\\/02\\\/sansara_logo_panama-01-scaled.jpg\",\"contentUrl\":\"https:\\\/\\\/www.sansararesort.com\\\/wp-content\\\/uploads\\\/2024\\\/02\\\/sansara_logo_panama-01-scaled.jpg\",\"width\":2560,\"height\":2560,\"caption\":\"Sansara Surf & Yoga Resort\"},\"image\":{\"@id\":\"https:\\\/\\\/www.sansararesort.com\\\/#\\\/schema\\\/logo\\\/image\\\/\"},\"sameAs\":[\"https:\\\/\\\/www.facebook.com\\\/SansaraResort\",\"https:\\\/\\\/www.instagram.com\\\/sansararesort\\\/\"],\"description\":\"Sansara is a 5-star barefoot luxury surf and yoga resort located on the Pacific coast of Panam\u00e1 in the Azuero Peninsula. Featuring 13 oceanfront caba\u00f1as, each meticulously designed and crafted with locally sourced materials, an open-air oceanfront yoga shala, luxury spa, 5-star restaurant, world-class surf school, and adventure program.\",\"email\":\"reservations@sansararesort.com\",\"telephone\":\"+507 6201 3340\",\"legalName\":\"JMT Holdings SA\",\"foundingDate\":\"2015-01-01\",\"numberOfEmployees\":{\"@type\":\"QuantitativeValue\",\"minValue\":\"11\",\"maxValue\":\"50\"}}]}<\/script>\n<!-- \/ Yoast SEO Premium plugin. -->","yoast_head_json":{"title":"Casa Zen - Sansara Resort","description":"Reserva la Villa Casa Zen con Vista al Mar. Ubicada a pocos metros de la arena y a pasos de las suaves olas del Oc\u00e9ano Pac\u00edfico, esta caba\u00f1a cuenta con piscina privada y un dise\u00f1o tipo spa; ideal para una escapada relajante.","robots":{"index":"index","follow":"follow","max-snippet":"max-snippet:-1","max-image-preview":"max-image-preview:large","max-video-preview":"max-video-preview:-1"},"canonical":"https:\/\/www.sansararesort.com\/es\/accommodation\/oceanfront-suites\/casa-zen\/","og_locale":"es_ES","og_type":"article","og_title":"Casa Zen | Ocean View Suites in Panama | Sansara Surf and Yoga Resort","og_description":"Book the Casa Zen Oceanview Villa. Perched up a few meters off the sand and steps away from the gentle waves of the Pacific Ocean, this cabana features a private pool and spa-like design; ideal for a relaxing getaway.","og_url":"https:\/\/www.sansararesort.com\/es\/accommodation\/oceanfront-suites\/casa-zen\/","og_site_name":"Sansara Resort","article_publisher":"https:\/\/www.facebook.com\/SansaraResort","article_modified_time":"2026-03-15T23:45:14+00:00","og_image":[{"width":1200,"height":630,"url":"https:\/\/www.sansararesort.com\/wp-content\/uploads\/2022\/06\/CasaZen_1200x630.jpg","type":"image\/jpeg"}],"twitter_card":"summary_large_image","twitter_title":"Casa Zen | Ocean View Suites in Panama | Sansara Surf and Yoga Resort","twitter_description":"Book the Casa Zen Oceanview Villa. Perched up a few meters off the sand and steps away from the gentle waves of the Pacific Ocean, this cabana features a private pool and spa-like design; ideal for a relaxing getaway.","twitter_image":"https:\/\/www.sansararesort.com\/wp-content\/uploads\/2022\/06\/CasaZen_1200x630.jpg","schema":{"@context":"https:\/\/schema.org","@graph":[{"@type":"WebPage","@id":"https:\/\/www.sansararesort.com\/accommodation\/oceanfront-suites\/casa-zen\/","url":"https:\/\/www.sansararesort.com\/accommodation\/oceanfront-suites\/casa-zen\/","name":"Casa Zen - Sansara Resort","isPartOf":{"@id":"https:\/\/www.sansararesort.com\/#website"},"datePublished":"2021-12-10T17:32:25+00:00","dateModified":"2026-03-15T23:45:14+00:00","description":"Reserva la Villa Casa Zen con Vista al Mar. Ubicada a pocos metros de la arena y a pasos de las suaves olas del Oc\u00e9ano Pac\u00edfico, esta caba\u00f1a cuenta con piscina privada y un dise\u00f1o tipo spa; ideal para una escapada relajante.","breadcrumb":{"@id":"https:\/\/www.sansararesort.com\/accommodation\/oceanfront-suites\/casa-zen\/#breadcrumb"},"inLanguage":"es","potentialAction":[{"@type":"ReadAction","target":["https:\/\/www.sansararesort.com\/accommodation\/oceanfront-suites\/casa-zen\/"]}]},{"@type":"BreadcrumbList","@id":"https:\/\/www.sansararesort.com\/accommodation\/oceanfront-suites\/casa-zen\/#breadcrumb","itemListElement":[{"@type":"ListItem","position":1,"name":"Home","item":"https:\/\/www.sansararesort.com\/"},{"@type":"ListItem","position":2,"name":"Accommodation","item":"https:\/\/www.sansararesort.com\/accommodation\/"},{"@type":"ListItem","position":3,"name":"Oceanfront Suites","item":"https:\/\/www.sansararesort.com\/accommodation\/oceanfront-suites\/"},{"@type":"ListItem","position":4,"name":"Casa Zen"}]},{"@type":"WebSite","@id":"https:\/\/www.sansararesort.com\/#website","url":"https:\/\/www.sansararesort.com\/","name":"Sansara Surf &amp; Yoga Resort","description":"Resort de surf y yoga de lujo Barefoot Wellness","publisher":{"@id":"https:\/\/www.sansararesort.com\/#organization"},"potentialAction":[{"@type":"SearchAction","target":{"@type":"EntryPoint","urlTemplate":"https:\/\/www.sansararesort.com\/?s={search_term_string}"},"query-input":{"@type":"PropertyValueSpecification","valueRequired":true,"valueName":"search_term_string"}}],"inLanguage":"es"},{"@type":"Organization","@id":"https:\/\/www.sansararesort.com\/#organization","name":"Sansara Surf &amp; Yoga Resort","url":"https:\/\/www.sansararesort.com\/","logo":{"@type":"ImageObject","inLanguage":"es","@id":"https:\/\/www.sansararesort.com\/#\/schema\/logo\/image\/","url":"https:\/\/www.sansararesort.com\/wp-content\/uploads\/2024\/02\/sansara_logo_panama-01-scaled.jpg","contentUrl":"https:\/\/www.sansararesort.com\/wp-content\/uploads\/2024\/02\/sansara_logo_panama-01-scaled.jpg","width":2560,"height":2560,"caption":"Sansara Surf & Yoga Resort"},"image":{"@id":"https:\/\/www.sansararesort.com\/#\/schema\/logo\/image\/"},"sameAs":["https:\/\/www.facebook.com\/SansaraResort","https:\/\/www.instagram.com\/sansararesort\/"],"description":"Sansara es un resort de surf y yoga de lujo de 5 estrellas, ubicado en la costa del Pac\u00edfico paname\u00f1o, en la pen\u00ednsula de Azuero. Cuenta con 13 caba\u00f1as frente al mar, cada una meticulosamente dise\u00f1ada y elaborada con materiales locales, una sala de yoga al aire libre frente al mar, un spa de lujo, un restaurante de 5 estrellas, una escuela de surf de clase mundial y un programa de aventura.","email":"reservations@sansararesort.com","telephone":"+507 6201 3340","legalName":"JMT Holdings SA","foundingDate":"2015-01-01","numberOfEmployees":{"@type":"QuantitativeValue","minValue":"11","maxValue":"50"}}]}},"_links":{"self":[{"href":"https:\/\/www.sansararesort.com\/es\/wp-json\/wp\/v2\/pages\/8092","targetHints":{"allow":["GET"]}}],"collection":[{"href":"https:\/\/www.sansararesort.com\/es\/wp-json\/wp\/v2\/pages"}],"about":[{"href":"https:\/\/www.sansararesort.com\/es\/wp-json\/wp\/v2\/types\/page"}],"author":[{"embeddable":true,"href":"https:\/\/www.sansararesort.com\/es\/wp-json\/wp\/v2\/users\/17"}],"replies":[{"embeddable":true,"href":"https:\/\/www.sansararesort.com\/es\/wp-json\/wp\/v2\/comments?post=8092"}],"version-history":[{"count":0,"href":"https:\/\/www.sansararesort.com\/es\/wp-json\/wp\/v2\/pages\/8092\/revisions"}],"up":[{"embeddable":true,"href":"https:\/\/www.sansararesort.com\/es\/wp-json\/wp\/v2\/pages\/1428"}],"wp:attachment":[{"href":"https:\/\/www.sansararesort.com\/es\/wp-json\/wp\/v2\/media?parent=8092"}],"curies":[{"name":"gracias","href":"https:\/\/api.w.org\/{rel}","templated":true}]}}