{"id":1490,"date":"2020-03-12T06:10:38","date_gmt":"2020-03-12T06:10:38","guid":{"rendered":"https:\/\/www.sansararesort.com\/?page_id=1490"},"modified":"2025-02-17T20:28:05","modified_gmt":"2025-02-17T20:28:05","slug":"surf-panama","status":"publish","type":"page","link":"https:\/\/www.sansararesort.com\/es\/panama-vacation-packages\/surf-panama\/","title":{"rendered":"Surfear y quedarse"},"content":{"rendered":"","protected":false},"excerpt":{"rendered":"","protected":false},"author":6,"featured_media":0,"parent":1481,"menu_order":2,"comment_status":"closed","ping_status":"closed","template":"","meta":{"_acf_changed":false,"footnotes":""},"class_list":["post-1490","page","type-page","status-publish","hentry"],"acf":[],"yoast_head":"<!-- This site is optimized with the Yoast SEO Premium plugin v27.0 (Yoast SEO v27.4) - https:\/\/yoast.com\/product\/yoast-seo-premium-wordpress\/ -->\n<title>Unveiling the Ultimate Surf &amp; Stay Getaway Package!<\/title>\n<meta name=\"description\" content=\"Discover the charm of Sansara Resort&#039;s Surf and Stay packages. Book now for luxury accommodations, daily yoga, surf lessons, and healthy meals in paradise!\" \/>\n<meta name=\"robots\" content=\"index, follow, max-snippet:-1, max-image-preview:large, max-video-preview:-1\" \/>\n<link rel=\"canonical\" href=\"https:\/\/www.sansararesort.com\/es\/panama-vacation-packages\/surf-panama\/\" \/>\n<meta property=\"og:locale\" content=\"es_ES\" \/>\n<meta property=\"og:type\" content=\"article\" \/>\n<meta property=\"og:title\" content=\"Surf and Stay\" \/>\n<meta property=\"og:description\" content=\"Discover the charm of Sansara Resort&#039;s Surf and Stay packages. Book now for luxury accommodations, daily yoga, surf lessons, and healthy meals in paradise!\" \/>\n<meta property=\"og:url\" content=\"https:\/\/www.sansararesort.com\/es\/panama-vacation-packages\/surf-panama\/\" \/>\n<meta property=\"og:site_name\" content=\"Sansara Resort\" \/>\n<meta property=\"article:publisher\" content=\"https:\/\/www.facebook.com\/SansaraResort\" \/>\n<meta property=\"article:modified_time\" content=\"2025-02-17T20:28:05+00:00\" \/>\n<meta name=\"twitter:card\" content=\"summary_large_image\" \/>\n<script type=\"application\/ld+json\" class=\"yoast-schema-graph\">{\"@context\":\"https:\\\/\\\/schema.org\",\"@graph\":[{\"@type\":\"WebPage\",\"@id\":\"https:\\\/\\\/www.sansararesort.com\\\/panama-vacation-packages\\\/surf-panama\\\/\",\"url\":\"https:\\\/\\\/www.sansararesort.com\\\/panama-vacation-packages\\\/surf-panama\\\/\",\"name\":\"Unveiling the Ultimate Surf & Stay Getaway Package!\",\"isPartOf\":{\"@id\":\"https:\\\/\\\/www.sansararesort.com\\\/#website\"},\"datePublished\":\"2020-03-12T06:10:38+00:00\",\"dateModified\":\"2025-02-17T20:28:05+00:00\",\"description\":\"Discover the charm of Sansara Resort's Surf and Stay packages. Book now for luxury accommodations, daily yoga, surf lessons, and healthy meals in paradise!\",\"breadcrumb\":{\"@id\":\"https:\\\/\\\/www.sansararesort.com\\\/panama-vacation-packages\\\/surf-panama\\\/#breadcrumb\"},\"inLanguage\":\"es\",\"potentialAction\":[{\"@type\":\"ReadAction\",\"target\":[\"https:\\\/\\\/www.sansararesort.com\\\/panama-vacation-packages\\\/surf-panama\\\/\"]}]},{\"@type\":\"BreadcrumbList\",\"@id\":\"https:\\\/\\\/www.sansararesort.com\\\/panama-vacation-packages\\\/surf-panama\\\/#breadcrumb\",\"itemListElement\":[{\"@type\":\"ListItem\",\"position\":1,\"name\":\"Home\",\"item\":\"https:\\\/\\\/www.sansararesort.com\\\/\"},{\"@type\":\"ListItem\",\"position\":2,\"name\":\"Panama Vacation Packages\",\"item\":\"https:\\\/\\\/www.sansararesort.com\\\/panama-vacation-packages\\\/\"},{\"@type\":\"ListItem\",\"position\":3,\"name\":\"Surf and Stay\"}]},{\"@type\":\"WebSite\",\"@id\":\"https:\\\/\\\/www.sansararesort.com\\\/#website\",\"url\":\"https:\\\/\\\/www.sansararesort.com\\\/\",\"name\":\"Sansara Surf & Yoga Resort\",\"description\":\"Barefoot Luxury Wellness Surf &amp; Yoga Resort\",\"publisher\":{\"@id\":\"https:\\\/\\\/www.sansararesort.com\\\/#organization\"},\"potentialAction\":[{\"@type\":\"SearchAction\",\"target\":{\"@type\":\"EntryPoint\",\"urlTemplate\":\"https:\\\/\\\/www.sansararesort.com\\\/?s={search_term_string}\"},\"query-input\":{\"@type\":\"PropertyValueSpecification\",\"valueRequired\":true,\"valueName\":\"search_term_string\"}}],\"inLanguage\":\"es\"},{\"@type\":\"Organization\",\"@id\":\"https:\\\/\\\/www.sansararesort.com\\\/#organization\",\"name\":\"Sansara Surf & Yoga Resort\",\"url\":\"https:\\\/\\\/www.sansararesort.com\\\/\",\"logo\":{\"@type\":\"ImageObject\",\"inLanguage\":\"es\",\"@id\":\"https:\\\/\\\/www.sansararesort.com\\\/#\\\/schema\\\/logo\\\/image\\\/\",\"url\":\"https:\\\/\\\/www.sansararesort.com\\\/wp-content\\\/uploads\\\/2024\\\/02\\\/sansara_logo_panama-01-scaled.jpg\",\"contentUrl\":\"https:\\\/\\\/www.sansararesort.com\\\/wp-content\\\/uploads\\\/2024\\\/02\\\/sansara_logo_panama-01-scaled.jpg\",\"width\":2560,\"height\":2560,\"caption\":\"Sansara Surf & Yoga Resort\"},\"image\":{\"@id\":\"https:\\\/\\\/www.sansararesort.com\\\/#\\\/schema\\\/logo\\\/image\\\/\"},\"sameAs\":[\"https:\\\/\\\/www.facebook.com\\\/SansaraResort\",\"https:\\\/\\\/www.instagram.com\\\/sansararesort\\\/\"],\"description\":\"Sansara is a 5-star barefoot luxury surf and yoga resort located on the Pacific coast of Panam\u00e1 in the Azuero Peninsula. Featuring 13 oceanfront caba\u00f1as, each meticulously designed and crafted with locally sourced materials, an open-air oceanfront yoga shala, luxury spa, 5-star restaurant, world-class surf school, and adventure program.\",\"email\":\"reservations@sansararesort.com\",\"telephone\":\"+507 6201 3340\",\"legalName\":\"JMT Holdings SA\",\"foundingDate\":\"2015-01-01\",\"numberOfEmployees\":{\"@type\":\"QuantitativeValue\",\"minValue\":\"11\",\"maxValue\":\"50\"}}]}<\/script>\n<!-- \/ Yoast SEO Premium plugin. -->","yoast_head_json":{"title":"\u00a1Presentamos el paquete de escapada Ultimate Surf &amp; Stay!","description":"Descubre el encanto de los paquetes Surf and Stay de Sansara Resort. \u00a1Reserva ahora alojamiento de lujo, yoga diario, clases de surf y comidas saludables en el para\u00edso!","robots":{"index":"index","follow":"follow","max-snippet":"max-snippet:-1","max-image-preview":"max-image-preview:large","max-video-preview":"max-video-preview:-1"},"canonical":"https:\/\/www.sansararesort.com\/es\/panama-vacation-packages\/surf-panama\/","og_locale":"es_ES","og_type":"article","og_title":"Surf and Stay","og_description":"Discover the charm of Sansara Resort's Surf and Stay packages. Book now for luxury accommodations, daily yoga, surf lessons, and healthy meals in paradise!","og_url":"https:\/\/www.sansararesort.com\/es\/panama-vacation-packages\/surf-panama\/","og_site_name":"Sansara Resort","article_publisher":"https:\/\/www.facebook.com\/SansaraResort","article_modified_time":"2025-02-17T20:28:05+00:00","twitter_card":"summary_large_image","schema":{"@context":"https:\/\/schema.org","@graph":[{"@type":"WebPage","@id":"https:\/\/www.sansararesort.com\/panama-vacation-packages\/surf-panama\/","url":"https:\/\/www.sansararesort.com\/panama-vacation-packages\/surf-panama\/","name":"\u00a1Presentamos el paquete de escapada Ultimate Surf &amp; Stay!","isPartOf":{"@id":"https:\/\/www.sansararesort.com\/#website"},"datePublished":"2020-03-12T06:10:38+00:00","dateModified":"2025-02-17T20:28:05+00:00","description":"Descubre el encanto de los paquetes Surf and Stay de Sansara Resort. \u00a1Reserva ahora alojamiento de lujo, yoga diario, clases de surf y comidas saludables en el para\u00edso!","breadcrumb":{"@id":"https:\/\/www.sansararesort.com\/panama-vacation-packages\/surf-panama\/#breadcrumb"},"inLanguage":"es","potentialAction":[{"@type":"ReadAction","target":["https:\/\/www.sansararesort.com\/panama-vacation-packages\/surf-panama\/"]}]},{"@type":"BreadcrumbList","@id":"https:\/\/www.sansararesort.com\/panama-vacation-packages\/surf-panama\/#breadcrumb","itemListElement":[{"@type":"ListItem","position":1,"name":"Home","item":"https:\/\/www.sansararesort.com\/"},{"@type":"ListItem","position":2,"name":"Panama Vacation Packages","item":"https:\/\/www.sansararesort.com\/panama-vacation-packages\/"},{"@type":"ListItem","position":3,"name":"Surf and Stay"}]},{"@type":"WebSite","@id":"https:\/\/www.sansararesort.com\/#website","url":"https:\/\/www.sansararesort.com\/","name":"Sansara Surf &amp; Yoga Resort","description":"Resort de surf y yoga de lujo Barefoot Wellness","publisher":{"@id":"https:\/\/www.sansararesort.com\/#organization"},"potentialAction":[{"@type":"SearchAction","target":{"@type":"EntryPoint","urlTemplate":"https:\/\/www.sansararesort.com\/?s={search_term_string}"},"query-input":{"@type":"PropertyValueSpecification","valueRequired":true,"valueName":"search_term_string"}}],"inLanguage":"es"},{"@type":"Organization","@id":"https:\/\/www.sansararesort.com\/#organization","name":"Sansara Surf &amp; Yoga Resort","url":"https:\/\/www.sansararesort.com\/","logo":{"@type":"ImageObject","inLanguage":"es","@id":"https:\/\/www.sansararesort.com\/#\/schema\/logo\/image\/","url":"https:\/\/www.sansararesort.com\/wp-content\/uploads\/2024\/02\/sansara_logo_panama-01-scaled.jpg","contentUrl":"https:\/\/www.sansararesort.com\/wp-content\/uploads\/2024\/02\/sansara_logo_panama-01-scaled.jpg","width":2560,"height":2560,"caption":"Sansara Surf & Yoga Resort"},"image":{"@id":"https:\/\/www.sansararesort.com\/#\/schema\/logo\/image\/"},"sameAs":["https:\/\/www.facebook.com\/SansaraResort","https:\/\/www.instagram.com\/sansararesort\/"],"description":"Sansara es un resort de surf y yoga de lujo de 5 estrellas, ubicado en la costa del Pac\u00edfico paname\u00f1o, en la pen\u00ednsula de Azuero. Cuenta con 13 caba\u00f1as frente al mar, cada una meticulosamente dise\u00f1ada y elaborada con materiales locales, una sala de yoga al aire libre frente al mar, un spa de lujo, un restaurante de 5 estrellas, una escuela de surf de clase mundial y un programa de aventura.","email":"reservations@sansararesort.com","telephone":"+507 6201 3340","legalName":"JMT Holdings SA","foundingDate":"2015-01-01","numberOfEmployees":{"@type":"QuantitativeValue","minValue":"11","maxValue":"50"}}]}},"_links":{"self":[{"href":"https:\/\/www.sansararesort.com\/es\/wp-json\/wp\/v2\/pages\/1490","targetHints":{"allow":["GET"]}}],"collection":[{"href":"https:\/\/www.sansararesort.com\/es\/wp-json\/wp\/v2\/pages"}],"about":[{"href":"https:\/\/www.sansararesort.com\/es\/wp-json\/wp\/v2\/types\/page"}],"author":[{"embeddable":true,"href":"https:\/\/www.sansararesort.com\/es\/wp-json\/wp\/v2\/users\/6"}],"replies":[{"embeddable":true,"href":"https:\/\/www.sansararesort.com\/es\/wp-json\/wp\/v2\/comments?post=1490"}],"version-history":[{"count":0,"href":"https:\/\/www.sansararesort.com\/es\/wp-json\/wp\/v2\/pages\/1490\/revisions"}],"up":[{"embeddable":true,"href":"https:\/\/www.sansararesort.com\/es\/wp-json\/wp\/v2\/pages\/1481"}],"wp:attachment":[{"href":"https:\/\/www.sansararesort.com\/es\/wp-json\/wp\/v2\/media?parent=1490"}],"curies":[{"name":"gracias","href":"https:\/\/api.w.org\/{rel}","templated":true}]}}