{"id":1443,"date":"2020-03-11T06:32:38","date_gmt":"2020-03-11T06:32:38","guid":{"rendered":"https:\/\/www.sansararesort.com\/?page_id=1443"},"modified":"2025-05-22T16:09:50","modified_gmt":"2025-05-22T16:09:50","slug":"panama-wildlife-bike-tour","status":"publish","type":"page","link":"https:\/\/www.sansararesort.com\/es\/experiences\/panama-wildlife-bike-tour\/","title":{"rendered":"Navegando por la vida salvaje de Panam\u00e1"},"content":{"rendered":"","protected":false},"excerpt":{"rendered":"","protected":false},"author":6,"featured_media":0,"parent":1439,"menu_order":6,"comment_status":"closed","ping_status":"closed","template":"","meta":{"_acf_changed":false,"footnotes":""},"class_list":["post-1443","page","type-page","status-publish","hentry"],"acf":[],"yoast_head":"<!-- This site is optimized with the Yoast SEO Premium plugin v27.0 (Yoast SEO v27.4) - https:\/\/yoast.com\/product\/yoast-seo-premium-wordpress\/ -->\n<title>Uncover Cambutal&#039;s Biking Secret with Sansara Resort!<\/title>\n<meta name=\"description\" content=\"Get set for an exhilarating bike cruising experience in Cambutal. Discover a vibrant community with Sansara. Sign up for updates &amp; make reservations now!\" \/>\n<meta name=\"robots\" content=\"index, follow, max-snippet:-1, max-image-preview:large, max-video-preview:-1\" \/>\n<link rel=\"canonical\" href=\"https:\/\/www.sansararesort.com\/es\/experiences\/panama-wildlife-bike-tour\/\" \/>\n<meta property=\"og:locale\" content=\"es_ES\" \/>\n<meta property=\"og:type\" content=\"article\" \/>\n<meta property=\"og:title\" content=\"Cruising Through Panama Wildlife\" \/>\n<meta property=\"og:description\" content=\"Get set for an exhilarating bike cruising experience in Cambutal. Discover a vibrant community with Sansara. Sign up for updates &amp; make reservations now!\" \/>\n<meta property=\"og:url\" content=\"https:\/\/www.sansararesort.com\/es\/experiences\/panama-wildlife-bike-tour\/\" \/>\n<meta property=\"og:site_name\" content=\"Sansara Resort\" \/>\n<meta property=\"article:publisher\" content=\"https:\/\/www.facebook.com\/SansaraResort\" \/>\n<meta property=\"article:modified_time\" content=\"2025-05-22T16:09:50+00:00\" \/>\n<meta name=\"twitter:card\" content=\"summary_large_image\" \/>\n<script type=\"application\/ld+json\" class=\"yoast-schema-graph\">{\"@context\":\"https:\\\/\\\/schema.org\",\"@graph\":[{\"@type\":\"WebPage\",\"@id\":\"https:\\\/\\\/www.sansararesort.com\\\/experiences\\\/panama-wildlife-bike-tour\\\/\",\"url\":\"https:\\\/\\\/www.sansararesort.com\\\/experiences\\\/panama-wildlife-bike-tour\\\/\",\"name\":\"Uncover Cambutal's Biking Secret with Sansara Resort!\",\"isPartOf\":{\"@id\":\"https:\\\/\\\/www.sansararesort.com\\\/#website\"},\"datePublished\":\"2020-03-11T06:32:38+00:00\",\"dateModified\":\"2025-05-22T16:09:50+00:00\",\"description\":\"Get set for an exhilarating bike cruising experience in Cambutal. Discover a vibrant community with Sansara. Sign up for updates & make reservations now!\",\"breadcrumb\":{\"@id\":\"https:\\\/\\\/www.sansararesort.com\\\/experiences\\\/panama-wildlife-bike-tour\\\/#breadcrumb\"},\"inLanguage\":\"es\",\"potentialAction\":[{\"@type\":\"ReadAction\",\"target\":[\"https:\\\/\\\/www.sansararesort.com\\\/experiences\\\/panama-wildlife-bike-tour\\\/\"]}]},{\"@type\":\"BreadcrumbList\",\"@id\":\"https:\\\/\\\/www.sansararesort.com\\\/experiences\\\/panama-wildlife-bike-tour\\\/#breadcrumb\",\"itemListElement\":[{\"@type\":\"ListItem\",\"position\":1,\"name\":\"Home\",\"item\":\"https:\\\/\\\/www.sansararesort.com\\\/\"},{\"@type\":\"ListItem\",\"position\":2,\"name\":\"Experiences\",\"item\":\"https:\\\/\\\/www.sansararesort.com\\\/experiences\\\/\"},{\"@type\":\"ListItem\",\"position\":3,\"name\":\"Cruising Through Panama Wildlife\"}]},{\"@type\":\"WebSite\",\"@id\":\"https:\\\/\\\/www.sansararesort.com\\\/#website\",\"url\":\"https:\\\/\\\/www.sansararesort.com\\\/\",\"name\":\"Sansara Surf & Yoga Resort\",\"description\":\"Barefoot Luxury Wellness Surf &amp; Yoga Resort\",\"publisher\":{\"@id\":\"https:\\\/\\\/www.sansararesort.com\\\/#organization\"},\"potentialAction\":[{\"@type\":\"SearchAction\",\"target\":{\"@type\":\"EntryPoint\",\"urlTemplate\":\"https:\\\/\\\/www.sansararesort.com\\\/?s={search_term_string}\"},\"query-input\":{\"@type\":\"PropertyValueSpecification\",\"valueRequired\":true,\"valueName\":\"search_term_string\"}}],\"inLanguage\":\"es\"},{\"@type\":\"Organization\",\"@id\":\"https:\\\/\\\/www.sansararesort.com\\\/#organization\",\"name\":\"Sansara Surf & Yoga Resort\",\"url\":\"https:\\\/\\\/www.sansararesort.com\\\/\",\"logo\":{\"@type\":\"ImageObject\",\"inLanguage\":\"es\",\"@id\":\"https:\\\/\\\/www.sansararesort.com\\\/#\\\/schema\\\/logo\\\/image\\\/\",\"url\":\"https:\\\/\\\/www.sansararesort.com\\\/wp-content\\\/uploads\\\/2024\\\/02\\\/sansara_logo_panama-01-scaled.jpg\",\"contentUrl\":\"https:\\\/\\\/www.sansararesort.com\\\/wp-content\\\/uploads\\\/2024\\\/02\\\/sansara_logo_panama-01-scaled.jpg\",\"width\":2560,\"height\":2560,\"caption\":\"Sansara Surf & Yoga Resort\"},\"image\":{\"@id\":\"https:\\\/\\\/www.sansararesort.com\\\/#\\\/schema\\\/logo\\\/image\\\/\"},\"sameAs\":[\"https:\\\/\\\/www.facebook.com\\\/SansaraResort\",\"https:\\\/\\\/www.instagram.com\\\/sansararesort\\\/\"],\"description\":\"Sansara is a 5-star barefoot luxury surf and yoga resort located on the Pacific coast of Panam\u00e1 in the Azuero Peninsula. Featuring 13 oceanfront caba\u00f1as, each meticulously designed and crafted with locally sourced materials, an open-air oceanfront yoga shala, luxury spa, 5-star restaurant, world-class surf school, and adventure program.\",\"email\":\"reservations@sansararesort.com\",\"telephone\":\"+507 6201 3340\",\"legalName\":\"JMT Holdings SA\",\"foundingDate\":\"2015-01-01\",\"numberOfEmployees\":{\"@type\":\"QuantitativeValue\",\"minValue\":\"11\",\"maxValue\":\"50\"}}]}<\/script>\n<!-- \/ Yoast SEO Premium plugin. -->","yoast_head_json":{"title":"\u00a1Descubre el secreto ciclista de Cambutal con Sansara Resort!","description":"Prep\u00e1rate para una emocionante experiencia de paseo en bicicleta en Cambutal. Descubre una comunidad vibrante con Sansara. \u00a1Reg\u00edstrate para recibir actualizaciones y reserva ahora!","robots":{"index":"index","follow":"follow","max-snippet":"max-snippet:-1","max-image-preview":"max-image-preview:large","max-video-preview":"max-video-preview:-1"},"canonical":"https:\/\/www.sansararesort.com\/es\/experiences\/panama-wildlife-bike-tour\/","og_locale":"es_ES","og_type":"article","og_title":"Cruising Through Panama Wildlife","og_description":"Get set for an exhilarating bike cruising experience in Cambutal. Discover a vibrant community with Sansara. Sign up for updates & make reservations now!","og_url":"https:\/\/www.sansararesort.com\/es\/experiences\/panama-wildlife-bike-tour\/","og_site_name":"Sansara Resort","article_publisher":"https:\/\/www.facebook.com\/SansaraResort","article_modified_time":"2025-05-22T16:09:50+00:00","twitter_card":"summary_large_image","schema":{"@context":"https:\/\/schema.org","@graph":[{"@type":"WebPage","@id":"https:\/\/www.sansararesort.com\/experiences\/panama-wildlife-bike-tour\/","url":"https:\/\/www.sansararesort.com\/experiences\/panama-wildlife-bike-tour\/","name":"\u00a1Descubre el secreto ciclista de Cambutal con Sansara Resort!","isPartOf":{"@id":"https:\/\/www.sansararesort.com\/#website"},"datePublished":"2020-03-11T06:32:38+00:00","dateModified":"2025-05-22T16:09:50+00:00","description":"Prep\u00e1rate para una emocionante experiencia de paseo en bicicleta en Cambutal. Descubre una comunidad vibrante con Sansara. \u00a1Reg\u00edstrate para recibir actualizaciones y reserva ahora!","breadcrumb":{"@id":"https:\/\/www.sansararesort.com\/experiences\/panama-wildlife-bike-tour\/#breadcrumb"},"inLanguage":"es","potentialAction":[{"@type":"ReadAction","target":["https:\/\/www.sansararesort.com\/experiences\/panama-wildlife-bike-tour\/"]}]},{"@type":"BreadcrumbList","@id":"https:\/\/www.sansararesort.com\/experiences\/panama-wildlife-bike-tour\/#breadcrumb","itemListElement":[{"@type":"ListItem","position":1,"name":"Home","item":"https:\/\/www.sansararesort.com\/"},{"@type":"ListItem","position":2,"name":"Experiences","item":"https:\/\/www.sansararesort.com\/experiences\/"},{"@type":"ListItem","position":3,"name":"Cruising Through Panama Wildlife"}]},{"@type":"WebSite","@id":"https:\/\/www.sansararesort.com\/#website","url":"https:\/\/www.sansararesort.com\/","name":"Sansara Surf &amp; Yoga Resort","description":"Resort de surf y yoga de lujo Barefoot Wellness","publisher":{"@id":"https:\/\/www.sansararesort.com\/#organization"},"potentialAction":[{"@type":"SearchAction","target":{"@type":"EntryPoint","urlTemplate":"https:\/\/www.sansararesort.com\/?s={search_term_string}"},"query-input":{"@type":"PropertyValueSpecification","valueRequired":true,"valueName":"search_term_string"}}],"inLanguage":"es"},{"@type":"Organization","@id":"https:\/\/www.sansararesort.com\/#organization","name":"Sansara Surf &amp; Yoga Resort","url":"https:\/\/www.sansararesort.com\/","logo":{"@type":"ImageObject","inLanguage":"es","@id":"https:\/\/www.sansararesort.com\/#\/schema\/logo\/image\/","url":"https:\/\/www.sansararesort.com\/wp-content\/uploads\/2024\/02\/sansara_logo_panama-01-scaled.jpg","contentUrl":"https:\/\/www.sansararesort.com\/wp-content\/uploads\/2024\/02\/sansara_logo_panama-01-scaled.jpg","width":2560,"height":2560,"caption":"Sansara Surf & Yoga Resort"},"image":{"@id":"https:\/\/www.sansararesort.com\/#\/schema\/logo\/image\/"},"sameAs":["https:\/\/www.facebook.com\/SansaraResort","https:\/\/www.instagram.com\/sansararesort\/"],"description":"Sansara es un resort de surf y yoga de lujo de 5 estrellas, ubicado en la costa del Pac\u00edfico paname\u00f1o, en la pen\u00ednsula de Azuero. Cuenta con 13 caba\u00f1as frente al mar, cada una meticulosamente dise\u00f1ada y elaborada con materiales locales, una sala de yoga al aire libre frente al mar, un spa de lujo, un restaurante de 5 estrellas, una escuela de surf de clase mundial y un programa de aventura.","email":"reservations@sansararesort.com","telephone":"+507 6201 3340","legalName":"JMT Holdings SA","foundingDate":"2015-01-01","numberOfEmployees":{"@type":"QuantitativeValue","minValue":"11","maxValue":"50"}}]}},"_links":{"self":[{"href":"https:\/\/www.sansararesort.com\/es\/wp-json\/wp\/v2\/pages\/1443","targetHints":{"allow":["GET"]}}],"collection":[{"href":"https:\/\/www.sansararesort.com\/es\/wp-json\/wp\/v2\/pages"}],"about":[{"href":"https:\/\/www.sansararesort.com\/es\/wp-json\/wp\/v2\/types\/page"}],"author":[{"embeddable":true,"href":"https:\/\/www.sansararesort.com\/es\/wp-json\/wp\/v2\/users\/6"}],"replies":[{"embeddable":true,"href":"https:\/\/www.sansararesort.com\/es\/wp-json\/wp\/v2\/comments?post=1443"}],"version-history":[{"count":0,"href":"https:\/\/www.sansararesort.com\/es\/wp-json\/wp\/v2\/pages\/1443\/revisions"}],"up":[{"embeddable":true,"href":"https:\/\/www.sansararesort.com\/es\/wp-json\/wp\/v2\/pages\/1439"}],"wp:attachment":[{"href":"https:\/\/www.sansararesort.com\/es\/wp-json\/wp\/v2\/media?parent=1443"}],"curies":[{"name":"gracias","href":"https:\/\/api.w.org\/{rel}","templated":true}]}}