{"id":10631,"date":"2025-03-03T16:39:52","date_gmt":"2025-03-03T16:39:52","guid":{"rendered":"https:\/\/www.sansararesort.com\/?page_id=10631"},"modified":"2025-03-03T16:39:52","modified_gmt":"2025-03-03T16:39:52","slug":"surf_adventure_retreats","status":"publish","type":"page","link":"https:\/\/www.sansararesort.com\/es\/surf_adventure_retreats\/","title":{"rendered":"Retiro de surf y aventura: descubre tu expedici\u00f3n definitiva"},"content":{"rendered":"","protected":false},"excerpt":{"rendered":"","protected":false},"author":17,"featured_media":0,"parent":0,"menu_order":4,"comment_status":"closed","ping_status":"closed","template":"","meta":{"_acf_changed":false,"footnotes":""},"class_list":["post-10631","page","type-page","status-publish","hentry"],"acf":[],"yoast_head":"<!-- This site is optimized with the Yoast SEO Premium plugin v27.0 (Yoast SEO v27.4) - https:\/\/yoast.com\/product\/yoast-seo-premium-wordpress\/ -->\n<title>Surf &amp; Adventure Retreats Panama | Explore &amp; Discover with Sansara Resort<\/title>\n<meta name=\"description\" content=\"Seek thrilling experiences at Sansara Resort&#039;s adventure retreats in wild Cambutal, Panama. Surf world-class waves, trek through jungles, and discover hidden waterfalls. Create unforgettable stores in paradise!\" \/>\n<meta name=\"robots\" content=\"index, follow, max-snippet:-1, max-image-preview:large, max-video-preview:-1\" \/>\n<link rel=\"canonical\" href=\"https:\/\/www.sansararesort.com\/es\/surf_adventure_retreats\/\" \/>\n<meta property=\"og:locale\" content=\"es_ES\" \/>\n<meta property=\"og:type\" content=\"article\" \/>\n<meta property=\"og:title\" content=\"Surf and Adventure Retreat: Discover Your Ultimate Expedition\" \/>\n<meta property=\"og:description\" content=\"Seek thrilling experiences at Sansara Resort&#039;s adventure retreats in wild Cambutal, Panama. Surf world-class waves, trek through jungles, and discover hidden waterfalls. Create unforgettable stores in paradise!\" \/>\n<meta property=\"og:url\" content=\"https:\/\/www.sansararesort.com\/es\/surf_adventure_retreats\/\" \/>\n<meta property=\"og:site_name\" content=\"Sansara Resort\" \/>\n<meta property=\"article:publisher\" content=\"https:\/\/www.facebook.com\/SansaraResort\" \/>\n<meta property=\"og:image\" content=\"https:\/\/www.sansararesort.com\/wp-content\/uploads\/2024\/11\/HighTide_1200x630.jpg\" \/>\n\t<meta property=\"og:image:width\" content=\"1200\" \/>\n\t<meta property=\"og:image:height\" content=\"630\" \/>\n\t<meta property=\"og:image:type\" content=\"image\/jpeg\" \/>\n<meta name=\"twitter:card\" content=\"summary_large_image\" \/>\n<script type=\"application\/ld+json\" class=\"yoast-schema-graph\">{\"@context\":\"https:\\\/\\\/schema.org\",\"@graph\":[{\"@type\":\"WebPage\",\"@id\":\"https:\\\/\\\/www.sansararesort.com\\\/surf_adventure_retreats\\\/\",\"url\":\"https:\\\/\\\/www.sansararesort.com\\\/surf_adventure_retreats\\\/\",\"name\":\"Surf & Adventure Retreats Panama | Explore & Discover with Sansara Resort\",\"isPartOf\":{\"@id\":\"https:\\\/\\\/www.sansararesort.com\\\/#website\"},\"datePublished\":\"2025-03-03T16:39:52+00:00\",\"description\":\"Seek thrilling experiences at Sansara Resort's adventure retreats in wild Cambutal, Panama. Surf world-class waves, trek through jungles, and discover hidden waterfalls. Create unforgettable stores in paradise!\",\"breadcrumb\":{\"@id\":\"https:\\\/\\\/www.sansararesort.com\\\/surf_adventure_retreats\\\/#breadcrumb\"},\"inLanguage\":\"es\",\"potentialAction\":[{\"@type\":\"ReadAction\",\"target\":[\"https:\\\/\\\/www.sansararesort.com\\\/surf_adventure_retreats\\\/\"]}]},{\"@type\":\"BreadcrumbList\",\"@id\":\"https:\\\/\\\/www.sansararesort.com\\\/surf_adventure_retreats\\\/#breadcrumb\",\"itemListElement\":[{\"@type\":\"ListItem\",\"position\":1,\"name\":\"Home\",\"item\":\"https:\\\/\\\/www.sansararesort.com\\\/\"},{\"@type\":\"ListItem\",\"position\":2,\"name\":\"Surf and Adventure Retreat: Discover Your Ultimate Expedition\"}]},{\"@type\":\"WebSite\",\"@id\":\"https:\\\/\\\/www.sansararesort.com\\\/#website\",\"url\":\"https:\\\/\\\/www.sansararesort.com\\\/\",\"name\":\"Sansara Surf & Yoga Resort\",\"description\":\"Barefoot Luxury Wellness Surf &amp; Yoga Resort\",\"publisher\":{\"@id\":\"https:\\\/\\\/www.sansararesort.com\\\/#organization\"},\"potentialAction\":[{\"@type\":\"SearchAction\",\"target\":{\"@type\":\"EntryPoint\",\"urlTemplate\":\"https:\\\/\\\/www.sansararesort.com\\\/?s={search_term_string}\"},\"query-input\":{\"@type\":\"PropertyValueSpecification\",\"valueRequired\":true,\"valueName\":\"search_term_string\"}}],\"inLanguage\":\"es\"},{\"@type\":\"Organization\",\"@id\":\"https:\\\/\\\/www.sansararesort.com\\\/#organization\",\"name\":\"Sansara Surf & Yoga Resort\",\"url\":\"https:\\\/\\\/www.sansararesort.com\\\/\",\"logo\":{\"@type\":\"ImageObject\",\"inLanguage\":\"es\",\"@id\":\"https:\\\/\\\/www.sansararesort.com\\\/#\\\/schema\\\/logo\\\/image\\\/\",\"url\":\"https:\\\/\\\/www.sansararesort.com\\\/wp-content\\\/uploads\\\/2024\\\/02\\\/sansara_logo_panama-01-scaled.jpg\",\"contentUrl\":\"https:\\\/\\\/www.sansararesort.com\\\/wp-content\\\/uploads\\\/2024\\\/02\\\/sansara_logo_panama-01-scaled.jpg\",\"width\":2560,\"height\":2560,\"caption\":\"Sansara Surf & Yoga Resort\"},\"image\":{\"@id\":\"https:\\\/\\\/www.sansararesort.com\\\/#\\\/schema\\\/logo\\\/image\\\/\"},\"sameAs\":[\"https:\\\/\\\/www.facebook.com\\\/SansaraResort\",\"https:\\\/\\\/www.instagram.com\\\/sansararesort\\\/\"],\"description\":\"Sansara is a 5-star barefoot luxury surf and yoga resort located on the Pacific coast of Panam\u00e1 in the Azuero Peninsula. Featuring 13 oceanfront caba\u00f1as, each meticulously designed and crafted with locally sourced materials, an open-air oceanfront yoga shala, luxury spa, 5-star restaurant, world-class surf school, and adventure program.\",\"email\":\"reservations@sansararesort.com\",\"telephone\":\"+507 6201 3340\",\"legalName\":\"JMT Holdings SA\",\"foundingDate\":\"2015-01-01\",\"numberOfEmployees\":{\"@type\":\"QuantitativeValue\",\"minValue\":\"11\",\"maxValue\":\"50\"}}]}<\/script>\n<!-- \/ Yoast SEO Premium plugin. -->","yoast_head_json":{"title":"Surf & Adventure Retreats Panama | Explore & Discover with Sansara Resort","description":"Seek thrilling experiences at Sansara Resort's adventure retreats in wild Cambutal, Panama. Surf world-class waves, trek through jungles, and discover hidden waterfalls. Create unforgettable stores in paradise!","robots":{"index":"index","follow":"follow","max-snippet":"max-snippet:-1","max-image-preview":"max-image-preview:large","max-video-preview":"max-video-preview:-1"},"canonical":"https:\/\/www.sansararesort.com\/es\/surf_adventure_retreats\/","og_locale":"es_ES","og_type":"article","og_title":"Surf and Adventure Retreat: Discover Your Ultimate Expedition","og_description":"Seek thrilling experiences at Sansara Resort's adventure retreats in wild Cambutal, Panama. Surf world-class waves, trek through jungles, and discover hidden waterfalls. Create unforgettable stores in paradise!","og_url":"https:\/\/www.sansararesort.com\/es\/surf_adventure_retreats\/","og_site_name":"Sansara Resort","article_publisher":"https:\/\/www.facebook.com\/SansaraResort","og_image":[{"width":1200,"height":630,"url":"https:\/\/www.sansararesort.com\/wp-content\/uploads\/2024\/11\/HighTide_1200x630.jpg","type":"image\/jpeg"}],"twitter_card":"summary_large_image","schema":{"@context":"https:\/\/schema.org","@graph":[{"@type":"WebPage","@id":"https:\/\/www.sansararesort.com\/surf_adventure_retreats\/","url":"https:\/\/www.sansararesort.com\/surf_adventure_retreats\/","name":"Surf & Adventure Retreats Panama | Explore & Discover with Sansara Resort","isPartOf":{"@id":"https:\/\/www.sansararesort.com\/#website"},"datePublished":"2025-03-03T16:39:52+00:00","description":"Seek thrilling experiences at Sansara Resort's adventure retreats in wild Cambutal, Panama. Surf world-class waves, trek through jungles, and discover hidden waterfalls. Create unforgettable stores in paradise!","breadcrumb":{"@id":"https:\/\/www.sansararesort.com\/surf_adventure_retreats\/#breadcrumb"},"inLanguage":"es","potentialAction":[{"@type":"ReadAction","target":["https:\/\/www.sansararesort.com\/surf_adventure_retreats\/"]}]},{"@type":"BreadcrumbList","@id":"https:\/\/www.sansararesort.com\/surf_adventure_retreats\/#breadcrumb","itemListElement":[{"@type":"ListItem","position":1,"name":"Home","item":"https:\/\/www.sansararesort.com\/"},{"@type":"ListItem","position":2,"name":"Surf and Adventure Retreat: Discover Your Ultimate Expedition"}]},{"@type":"WebSite","@id":"https:\/\/www.sansararesort.com\/#website","url":"https:\/\/www.sansararesort.com\/","name":"Sansara Surf &amp; Yoga Resort","description":"Resort de surf y yoga de lujo Barefoot Wellness","publisher":{"@id":"https:\/\/www.sansararesort.com\/#organization"},"potentialAction":[{"@type":"SearchAction","target":{"@type":"EntryPoint","urlTemplate":"https:\/\/www.sansararesort.com\/?s={search_term_string}"},"query-input":{"@type":"PropertyValueSpecification","valueRequired":true,"valueName":"search_term_string"}}],"inLanguage":"es"},{"@type":"Organization","@id":"https:\/\/www.sansararesort.com\/#organization","name":"Sansara Surf &amp; Yoga Resort","url":"https:\/\/www.sansararesort.com\/","logo":{"@type":"ImageObject","inLanguage":"es","@id":"https:\/\/www.sansararesort.com\/#\/schema\/logo\/image\/","url":"https:\/\/www.sansararesort.com\/wp-content\/uploads\/2024\/02\/sansara_logo_panama-01-scaled.jpg","contentUrl":"https:\/\/www.sansararesort.com\/wp-content\/uploads\/2024\/02\/sansara_logo_panama-01-scaled.jpg","width":2560,"height":2560,"caption":"Sansara Surf & Yoga Resort"},"image":{"@id":"https:\/\/www.sansararesort.com\/#\/schema\/logo\/image\/"},"sameAs":["https:\/\/www.facebook.com\/SansaraResort","https:\/\/www.instagram.com\/sansararesort\/"],"description":"Sansara es un resort de surf y yoga de lujo de 5 estrellas, ubicado en la costa del Pac\u00edfico paname\u00f1o, en la pen\u00ednsula de Azuero. Cuenta con 13 caba\u00f1as frente al mar, cada una meticulosamente dise\u00f1ada y elaborada con materiales locales, una sala de yoga al aire libre frente al mar, un spa de lujo, un restaurante de 5 estrellas, una escuela de surf de clase mundial y un programa de aventura.","email":"reservations@sansararesort.com","telephone":"+507 6201 3340","legalName":"JMT Holdings SA","foundingDate":"2015-01-01","numberOfEmployees":{"@type":"QuantitativeValue","minValue":"11","maxValue":"50"}}]}},"_links":{"self":[{"href":"https:\/\/www.sansararesort.com\/es\/wp-json\/wp\/v2\/pages\/10631","targetHints":{"allow":["GET"]}}],"collection":[{"href":"https:\/\/www.sansararesort.com\/es\/wp-json\/wp\/v2\/pages"}],"about":[{"href":"https:\/\/www.sansararesort.com\/es\/wp-json\/wp\/v2\/types\/page"}],"author":[{"embeddable":true,"href":"https:\/\/www.sansararesort.com\/es\/wp-json\/wp\/v2\/users\/17"}],"replies":[{"embeddable":true,"href":"https:\/\/www.sansararesort.com\/es\/wp-json\/wp\/v2\/comments?post=10631"}],"version-history":[{"count":0,"href":"https:\/\/www.sansararesort.com\/es\/wp-json\/wp\/v2\/pages\/10631\/revisions"}],"wp:attachment":[{"href":"https:\/\/www.sansararesort.com\/es\/wp-json\/wp\/v2\/media?parent=10631"}],"curies":[{"name":"gracias","href":"https:\/\/api.w.org\/{rel}","templated":true}]}}